{"id":4659,"date":"2026-03-11T12:02:45","date_gmt":"2026-03-11T11:02:45","guid":{"rendered":"https:\/\/poulpharm.vermis.hu\/?page_id=4659"},"modified":"2026-03-11T12:02:45","modified_gmt":"2026-03-11T11:02:45","slug":"serology","status":"publish","type":"page","link":"https:\/\/poulpharm.vermis.hu\/?page_id=4659","title":{"rendered":"Serology"},"content":{"rendered":"<p><div class=\"fusion-fullwidth fullwidth-box fusion-builder-row-1 fusion-flex-container has-pattern-background has-mask-background nonhundred-percent-fullwidth non-hundred-percent-height-scrolling\" style=\"--awb-border-radius-top-left:0px;--awb-border-radius-top-right:0px;--awb-border-radius-bottom-right:0px;--awb-border-radius-bottom-left:0px;--awb-padding-top:80px;--awb-padding-bottom:80px;--awb-flex-wrap:wrap;\" ><div class=\"fusion-builder-row fusion-row fusion-flex-align-items-flex-start fusion-flex-justify-content-center fusion-flex-content-wrap\" style=\"max-width:1256.6px;margin-left: calc(-3% \/ 2 );margin-right: calc(-3% \/ 2 );\"><\/div><\/div><div class=\"fusion-fullwidth fullwidth-box fusion-builder-row-2 fusion-flex-container has-pattern-background has-mask-background hundred-percent-fullwidth non-hundred-percent-height-scrolling\" style=\"--awb-border-radius-top-left:0px;--awb-border-radius-top-right:0px;--awb-border-radius-bottom-right:0px;--awb-border-radius-bottom-left:0px;--awb-padding-right:72px;--awb-padding-left:72px;--awb-padding-right-medium:30px;--awb-padding-left-medium:30px;--awb-flex-wrap:wrap;\" ><div class=\"fusion-builder-row fusion-row fusion-flex-align-items-flex-start fusion-flex-content-wrap\" style=\"width:103% !important;max-width:103% !important;margin-left: calc(-3% \/ 2 );margin-right: calc(-3% \/ 2 );\"><div class=\"fusion-layout-column fusion_builder_column fusion-builder-column-0 fusion_builder_column_1_1 1_1 fusion-flex-column\" style=\"--awb-padding-top:120px;--awb-padding-right:140px;--awb-padding-bottom:120px;--awb-padding-left:140px;--awb-padding-right-medium:80px;--awb-padding-left-medium:80px;--awb-padding-right-small:40px;--awb-padding-left-small:40px;--awb-overflow:hidden;--awb-bg-image:linear-gradient(90deg, hsla(var(--awb-color5-h),var(--awb-color5-s),calc(var(--awb-color5-l) - 30%),var(--awb-color5-a)) 20%,hsla(var(--awb-color8-h),var(--awb-color8-s),var(--awb-color8-l),calc(var(--awb-color8-a) - 95%)) 70%);;--awb-bg-position:right center;--awb-bg-position-small:center center;--awb-bg-size:cover;--awb-border-radius:20px 20px 20px 20px;--awb-width-large:100%;--awb-spacing-right-large:1.455%;--awb-margin-bottom-large:0px;--awb-spacing-left-large:1.455%;--awb-width-medium:100%;--awb-order-medium:0;--awb-spacing-right-medium:1.455%;--awb-spacing-left-medium:1.455%;--awb-width-small:100%;--awb-order-small:0;--awb-spacing-right-small:1.455%;--awb-spacing-left-small:1.455%;\"><div class=\"fusion-column-wrapper lazyload fusion-column-has-shadow fusion-flex-justify-content-flex-start fusion-content-layout-column fusion-column-has-bg-image\" data-bg-url=\"https:\/\/poulpharm.vermis.hu\/wp-content\/uploads\/2026\/03\/IMG20220819115304-scaled.jpg\" data-bg=\"https:\/\/poulpharm.vermis.hu\/wp-content\/uploads\/2026\/03\/IMG20220819115304-scaled.jpg\" data-bg-gradient=\"linear-gradient(90deg, hsla(var(--awb-color5-h),var(--awb-color5-s),calc(var(--awb-color5-l) - 30%),var(--awb-color5-a)) 20%,hsla(var(--awb-color8-h),var(--awb-color8-s),var(--awb-color8-l),calc(var(--awb-color8-a) - 95%)) 70%)\"><div class=\"fusion-title title fusion-title-1 fusion-sep-none fusion-title-text fusion-title-size-two\" style=\"--awb-text-color:var(--awb-color1);--awb-margin-bottom:24px;--awb-margin-bottom-small:20px;--awb-font-size:56px;\"><h2 class=\"fusion-title-heading title-heading-left sm-text-align-center fusion-responsive-typography-calculated\" style=\"margin:0;font-size:1em;--fontSize:56;line-height:var(--awb-typography1-line-height);\">Serology<\/h2><\/div><div class=\"fusion-text fusion-text-1 sm-text-align-center fusion-text-no-margin\" style=\"--awb-font-size:24px;--awb-line-height:var(--awb-typography2-line-height);--awb-letter-spacing:var(--awb-typography2-letter-spacing);--awb-text-transform:var(--awb-typography2-text-transform);--awb-margin-bottom:30px;--awb-text-font-family:var(--awb-typography2-font-family);--awb-text-font-weight:var(--awb-typography2-font-weight);--awb-text-font-style:var(--awb-typography2-font-style);\"><p>\u200b<\/p>\n<\/div><\/div><\/div><\/div><\/div><div class=\"fusion-fullwidth fullwidth-box fusion-builder-row-3 fusion-flex-container has-pattern-background has-mask-background nonhundred-percent-fullwidth non-hundred-percent-height-scrolling\" style=\"--awb-border-radius-top-left:0px;--awb-border-radius-top-right:0px;--awb-border-radius-bottom-right:0px;--awb-border-radius-bottom-left:0px;--awb-padding-top:96px;--awb-flex-wrap:wrap;\" ><div class=\"fusion-builder-row fusion-row fusion-flex-align-items-flex-start fusion-flex-content-wrap\" style=\"max-width:1256.6px;margin-left: calc(-3% \/ 2 );margin-right: calc(-3% \/ 2 );\"><div class=\"fusion-layout-column fusion_builder_column fusion-builder-column-1 fusion_builder_column_1_1 1_1 fusion-flex-column fusion-flex-align-self-center\" style=\"--awb-padding-right:64px;--awb-padding-left:64px;--awb-padding-right-medium:40px;--awb-padding-left-medium:40px;--awb-padding-top-small:64px;--awb-padding-right-small:16px;--awb-padding-left-small:16px;--awb-bg-size:cover;--awb-width-large:100%;--awb-spacing-right-large:1.455%;--awb-margin-bottom-large:0px;--awb-spacing-left-large:1.455%;--awb-width-medium:100%;--awb-order-medium:0;--awb-spacing-right-medium:1.455%;--awb-spacing-left-medium:1.455%;--awb-width-small:100%;--awb-order-small:0;--awb-spacing-right-small:1.455%;--awb-spacing-left-small:1.455%;\"><div class=\"fusion-column-wrapper fusion-column-has-shadow fusion-flex-justify-content-flex-start fusion-content-layout-column\"><div class=\"fusion-text fusion-text-2 fusion-text-no-margin\" style=\"--awb-font-size:var(--awb-typography2-font-size);--awb-line-height:var(--awb-typography2-line-height);--awb-letter-spacing:var(--awb-typography2-letter-spacing);--awb-text-transform:var(--awb-typography2-text-transform);--awb-margin-bottom:20px;--awb-text-font-family:var(--awb-typography2-font-family);--awb-text-font-weight:var(--awb-typography2-font-weight);--awb-text-font-style:var(--awb-typography2-font-style);\"><p>\u200b<\/p>\n<\/div><div class=\"fusion-text fusion-text-3 fusion-text-no-margin\" style=\"--awb-margin-bottom:40px;\"><p>In the serology lab, we check whether your animals have antibodies against certain germs. We do this by means of ELISA (Enzyme-linked immuno sorbent assay). Poulpharm has an automated system for performing ELISA tests so that in a short period of time a large number of tests can be performed and the customer is quickly informed of the result.<\/p>\n<p>Depending on the ELISA assay used, the results are reported in different formats (titer, SP value, SN value or % blocking). Based on these results, the level of antibodies against a specific pathogen in the body can be assessed.<\/p>\n<p>The serology lab consists of many experts (PhD, MSc and BSc) who perform the different serological tests with the greatest eye for quality. Besides examining diagnostic or project-related samples, the team is also ready to answer all your questions.<\/p>\n<p>Poulpharm has a GLP and an ISO17025 accreditation for performing serological tests (ELISA). The assays performed under ISO-17025 are ELISA IBR gE, ELISA IBR gB and ELISA Aujeszky gE.<\/p>\n<\/div><\/div><\/div><\/div><\/div><div class=\"fusion-fullwidth fullwidth-box fusion-builder-row-4 fusion-flex-container has-pattern-background has-mask-background nonhundred-percent-fullwidth non-hundred-percent-height-scrolling\" style=\"--awb-border-radius-top-left:0px;--awb-border-radius-top-right:0px;--awb-border-radius-bottom-right:0px;--awb-border-radius-bottom-left:0px;--awb-padding-top:96px;--awb-flex-wrap:wrap;\" ><div class=\"fusion-builder-row fusion-row fusion-flex-align-items-flex-start fusion-flex-content-wrap\" style=\"max-width:1256.6px;margin-left: calc(-3% \/ 2 );margin-right: calc(-3% \/ 2 );\"><div class=\"fusion-layout-column fusion_builder_column fusion-builder-column-2 fusion_builder_column_1_1 1_1 fusion-flex-column\" style=\"--awb-bg-size:cover;--awb-width-large:100%;--awb-spacing-right-large:1.455%;--awb-margin-bottom-large:0px;--awb-spacing-left-large:1.455%;--awb-width-medium:100%;--awb-order-medium:0;--awb-spacing-right-medium:1.455%;--awb-spacing-left-medium:1.455%;--awb-width-small:100%;--awb-order-small:0;--awb-spacing-right-small:1.455%;--awb-spacing-left-small:1.455%;\"><div class=\"fusion-column-wrapper fusion-column-has-shadow fusion-flex-justify-content-flex-start fusion-content-layout-column\"><div class=\"fusion-title title fusion-title-2 fusion-sep-none fusion-title-text fusion-title-size-three\"><h3 class=\"fusion-title-heading title-heading-left fusion-responsive-typography-calculated\" style=\"margin:0;--fontSize:36;line-height:var(--awb-typography1-line-height);\">what is serology and how can my flock take advantage of it?<\/h3><\/div><\/div><\/div><div class=\"fusion-layout-column fusion_builder_column fusion-builder-column-3 fusion_builder_column_1_1 1_1 fusion-flex-column fusion-flex-align-self-center\" style=\"--awb-padding-right:64px;--awb-padding-left:64px;--awb-padding-right-medium:40px;--awb-padding-left-medium:40px;--awb-padding-top-small:64px;--awb-padding-right-small:16px;--awb-padding-left-small:16px;--awb-bg-size:cover;--awb-width-large:100%;--awb-spacing-right-large:1.455%;--awb-margin-bottom-large:0px;--awb-spacing-left-large:1.455%;--awb-width-medium:100%;--awb-order-medium:0;--awb-spacing-right-medium:1.455%;--awb-spacing-left-medium:1.455%;--awb-width-small:100%;--awb-order-small:0;--awb-spacing-right-small:1.455%;--awb-spacing-left-small:1.455%;\"><div class=\"fusion-column-wrapper fusion-column-has-shadow fusion-flex-justify-content-flex-start fusion-content-layout-column\"><div class=\"fusion-text fusion-text-4 fusion-text-no-margin\" style=\"--awb-font-size:var(--awb-typography2-font-size);--awb-line-height:var(--awb-typography2-line-height);--awb-letter-spacing:var(--awb-typography2-letter-spacing);--awb-text-transform:var(--awb-typography2-text-transform);--awb-margin-bottom:20px;--awb-text-font-family:var(--awb-typography2-font-family);--awb-text-font-weight:var(--awb-typography2-font-weight);--awb-text-font-style:var(--awb-typography2-font-style);\"><p>\u200b<\/p>\n<\/div><div class=\"fusion-text fusion-text-5 fusion-text-no-margin\" style=\"--awb-margin-bottom:40px;\"><p>Serology is a method of detecting antibodies in an animal\u2019s blood. These antibodies may be maternal antibodies, which come from the mother hen or they may come from vaccination. They are also found in the blood after an animal has experienced an infection. The presence of antibodies makes an animal immune to a particular disease.<\/p>\n<p><strong>Serological analysis and equipment needed<\/strong><br \/>\nOur laboratory equipment allows us to detect antibodies to many diseases semi-automatically \u2013 however, some tests still need to be done by hand. For the analysis, the blood is placed on a matrix, to which the antibodies can bind. Then the blood is washed away, leaving the antibodies on the plate. A conjugate that binds to the antibodies is then added. It reacts with a dye to make the antibodies visible to our equipment. The concentration of antibodies is measured by the optical density of the solution and is also called \u201ctiter\u201d.<\/p>\n<p><strong>Application in veterinary medicine<\/strong><br \/>\nIn addition to diagnostics and assessment of vaccination success, serology can be used in broiler production to determine the optimal time for vaccination against Gumboro disease. This study requires the examination of blood from day-old chicks. Maternal antibodies will be very high at the time the chicks are hatched, but the levels drop as the birds age. This makes them susceptible to the disease, but allows for effective vaccination at a certain age.<\/p>\n<p>A formula is used to calculate the optimal vaccination time based on serum levels on day 1. At Poulpharm, 20,000 samples for PGVS (Personal Gumboro Vaccination Service) have been analyzed since August 2018. The optimal vaccination day depends on the vaccine used (Hot or intermediate vaccines).<\/p>\n<\/div><\/div><\/div><div class=\"fusion-layout-column fusion_builder_column fusion-builder-column-4 fusion_builder_column_1_1 1_1 fusion-flex-column\" style=\"--awb-bg-size:cover;--awb-width-large:100%;--awb-spacing-right-large:1.455%;--awb-margin-bottom-large:0px;--awb-spacing-left-large:1.455%;--awb-width-medium:100%;--awb-order-medium:0;--awb-spacing-right-medium:1.455%;--awb-spacing-left-medium:1.455%;--awb-width-small:100%;--awb-order-small:0;--awb-spacing-right-small:1.455%;--awb-spacing-left-small:1.455%;\"><div class=\"fusion-column-wrapper fusion-column-has-shadow fusion-flex-justify-content-flex-start fusion-content-layout-column\"><div class=\"fusion-title title fusion-title-3 fusion-sep-none fusion-title-text fusion-title-size-three\"><h3 class=\"fusion-title-heading title-heading-left fusion-responsive-typography-calculated\" style=\"margin:0;--fontSize:36;line-height:var(--awb-typography1-line-height);\"><h2 class=\"elementor-heading-title elementor-size-default\">Serology shows the effect of vaccination<\/h2><\/h3><\/div><\/div><\/div><div class=\"fusion-layout-column fusion_builder_column fusion-builder-column-5 fusion_builder_column_1_1 1_1 fusion-flex-column fusion-flex-align-self-center\" style=\"--awb-padding-right:64px;--awb-padding-left:64px;--awb-padding-right-medium:40px;--awb-padding-left-medium:40px;--awb-padding-top-small:64px;--awb-padding-right-small:16px;--awb-padding-left-small:16px;--awb-bg-size:cover;--awb-width-large:100%;--awb-spacing-right-large:1.455%;--awb-margin-bottom-large:0px;--awb-spacing-left-large:1.455%;--awb-width-medium:100%;--awb-order-medium:0;--awb-spacing-right-medium:1.455%;--awb-spacing-left-medium:1.455%;--awb-width-small:100%;--awb-order-small:0;--awb-spacing-right-small:1.455%;--awb-spacing-left-small:1.455%;\"><div class=\"fusion-column-wrapper fusion-column-has-shadow fusion-flex-justify-content-flex-start fusion-content-layout-column\"><div class=\"fusion-text fusion-text-6 fusion-text-no-margin\" style=\"--awb-font-size:var(--awb-typography2-font-size);--awb-line-height:var(--awb-typography2-line-height);--awb-letter-spacing:var(--awb-typography2-letter-spacing);--awb-text-transform:var(--awb-typography2-text-transform);--awb-margin-bottom:20px;--awb-text-font-family:var(--awb-typography2-font-family);--awb-text-font-weight:var(--awb-typography2-font-weight);--awb-text-font-style:var(--awb-typography2-font-style);\"><p>\u200b<\/p>\n<\/div><div class=\"fusion-text fusion-text-7 fusion-text-no-margin\" style=\"--awb-margin-bottom:40px;\"><p>By using serology it is possible to follow up on the vaccination of your flock of animals. At Poulpharm we looked at ELISA titers of parent animals pre and post vaccination compared. Before vaccination, the titer in parent animals varies between 300 and 5000, indicating that before vaccination there are hardly or even no antibodies present against the pathogen. After a complete vaccination, the average titer of the animals rises above 12000, this shows that the animals have produced antibodies against the pathogen. A measure to follow up on vaccination can be seen by looking at the coefficient of variation (CV%). Before vaccination, the CV% often fluctuates above 60%. A CV% higher than 60 may indicate that the animals were exposed to a pathogen with a slow spread through the flock of animals. This implies that there is a lot of variation on the titers and that the protection against the pathogen is not good. After vaccination, the CV% drops below 40%, which shows that there is less variation in the titers. A CV% below 40% show that the animals were very well vaccinated and are sufficiently protected against the pathogen.<\/p>\n<\/div><div ><a class=\"fusion-button button-flat fusion-button-default-size button-custom fusion-button-default button-1 fusion-button-default-span fusion-button-default-type awb-b-icon-pos-right\" style=\"--button_accent_color:var(--awb-color1);--button_accent_hover_color:var(--awb-color1);--button_border_hover_color:hsla(var(--awb-color5-h),var(--awb-color5-s),calc(var(--awb-color5-l) - 20%),var(--awb-color5-a));--button_border_width-top:2px;--button_border_width-right:2px;--button_border_width-bottom:2px;--button_border_width-left:2px;--button_gradient_top_color:var(--awb-custom_color_5);--button_gradient_bottom_color:var(--awb-custom_color_5);--button_gradient_top_color_hover:hsla(var(--awb-color5-h),var(--awb-color5-s),calc(var(--awb-color5-l) - 20%),var(--awb-color5-a));--button_gradient_bottom_color_hover:hsla(var(--awb-color5-h),var(--awb-color5-s),calc(var(--awb-color5-l) - 20%),var(--awb-color5-a));\" target=\"_self\" data-hover=\"icon_position\" href=\"https:\/\/poulpharm.vermis.hu\/our-services\/\"><span class=\"fusion-button-text awb-button__text awb-button__text--default\">Price List<\/span><i class=\"awb-recruitment-arrow-btn awb-button__icon awb-button__icon--default button-icon-right\" aria-hidden=\"true\"><\/i><i class=\"awb-recruitment-arrow-btn awb-button__icon awb-button__icon--default button-icon-right\" aria-hidden=\"true\"><\/i><\/a><\/div><\/div><\/div><\/div><\/div><div class=\"fusion-fullwidth fullwidth-box fusion-builder-row-5 fusion-flex-container has-pattern-background has-mask-background nonhundred-percent-fullwidth non-hundred-percent-height-scrolling\" style=\"--awb-border-radius-top-left:0px;--awb-border-radius-top-right:0px;--awb-border-radius-bottom-right:0px;--awb-border-radius-bottom-left:0px;--awb-padding-top:80px;--awb-padding-bottom:80px;--awb-flex-wrap:wrap;\" ><div class=\"fusion-builder-row fusion-row fusion-flex-align-items-flex-start fusion-flex-justify-content-center fusion-flex-content-wrap\" style=\"max-width:1256.6px;margin-left: calc(-3% \/ 2 );margin-right: calc(-3% \/ 2 );\"><div class=\"fusion-layout-column fusion_builder_column fusion-builder-column-6 fusion_builder_column_1_1 1_1 fusion-flex-column\" style=\"--awb-bg-size:cover;--awb-width-large:100%;--awb-margin-top-large:20px;--awb-spacing-right-large:1.455%;--awb-margin-bottom-large:0px;--awb-spacing-left-large:1.455%;--awb-width-medium:100%;--awb-order-medium:0;--awb-spacing-right-medium:1.455%;--awb-spacing-left-medium:1.455%;--awb-width-small:100%;--awb-order-small:0;--awb-spacing-right-small:1.455%;--awb-spacing-left-small:1.455%;\"><div class=\"fusion-column-wrapper fusion-column-has-shadow fusion-flex-justify-content-flex-start fusion-content-layout-column\"><div class=\"fusion-separator fusion-full-width-sep\" style=\"align-self: center;margin-left: auto;margin-right: auto;margin-top:20px;margin-bottom:20px;width:100%;\"><div class=\"fusion-separator-border sep-single sep-solid\" style=\"--awb-height:20px;--awb-amount:20px;border-color:var(--awb-color3);border-top-width:1px;\"><\/div><\/div><\/div><\/div><\/div><\/div><\/p>\n","protected":false},"excerpt":{"rendered":"","protected":false},"author":3,"featured_media":0,"parent":0,"menu_order":0,"comment_status":"closed","ping_status":"closed","template":"100-width.php","meta":{"_acf_changed":false,"footnotes":""},"class_list":["post-4659","page","type-page","status-publish","hentry"],"acf":[],"yoast_head":"<!-- This site is optimized with the Yoast SEO plugin v27.0 - https:\/\/yoast.com\/product\/yoast-seo-wordpress\/ -->\n<title>Serology - Poulpharm<\/title>\n<meta name=\"robots\" content=\"index, follow, max-snippet:-1, max-image-preview:large, max-video-preview:-1\" \/>\n<link rel=\"canonical\" href=\"https:\/\/poulpharm.vermis.hu\/?page_id=4659\" \/>\n<meta property=\"og:locale\" content=\"hu_HU\" \/>\n<meta property=\"og:type\" content=\"article\" \/>\n<meta property=\"og:title\" content=\"Serology - Poulpharm\" \/>\n<meta property=\"og:url\" content=\"https:\/\/poulpharm.vermis.hu\/?page_id=4659\" \/>\n<meta property=\"og:site_name\" content=\"Poulpharm\" \/>\n<meta name=\"twitter:card\" content=\"summary_large_image\" \/>\n<meta name=\"twitter:label1\" content=\"Becs\u00fclt olvas\u00e1si id\u0151\" \/>\n\t<meta name=\"twitter:data1\" content=\"4 perc\" \/>\n<script type=\"application\/ld+json\" class=\"yoast-schema-graph\">{\"@context\":\"https:\/\/schema.org\",\"@graph\":[{\"@type\":\"WebPage\",\"@id\":\"https:\/\/poulpharm.vermis.hu\/?page_id=4659\",\"url\":\"https:\/\/poulpharm.vermis.hu\/?page_id=4659\",\"name\":\"Serology - Poulpharm\",\"isPartOf\":{\"@id\":\"https:\/\/poulpharm.vermis.hu\/#website\"},\"datePublished\":\"2026-03-11T11:02:45+00:00\",\"breadcrumb\":{\"@id\":\"https:\/\/poulpharm.vermis.hu\/?page_id=4659#breadcrumb\"},\"inLanguage\":\"hu\",\"potentialAction\":[{\"@type\":\"ReadAction\",\"target\":[\"https:\/\/poulpharm.vermis.hu\/?page_id=4659\"]}]},{\"@type\":\"BreadcrumbList\",\"@id\":\"https:\/\/poulpharm.vermis.hu\/?page_id=4659#breadcrumb\",\"itemListElement\":[{\"@type\":\"ListItem\",\"position\":1,\"name\":\"Home\",\"item\":\"https:\/\/poulpharm.vermis.hu\/\"},{\"@type\":\"ListItem\",\"position\":2,\"name\":\"Serology\"}]},{\"@type\":\"WebSite\",\"@id\":\"https:\/\/poulpharm.vermis.hu\/#website\",\"url\":\"https:\/\/poulpharm.vermis.hu\/\",\"name\":\"Poulpharm\",\"description\":\"Passionate partner for animal science\",\"potentialAction\":[{\"@type\":\"SearchAction\",\"target\":{\"@type\":\"EntryPoint\",\"urlTemplate\":\"https:\/\/poulpharm.vermis.hu\/?s={search_term_string}\"},\"query-input\":{\"@type\":\"PropertyValueSpecification\",\"valueRequired\":true,\"valueName\":\"search_term_string\"}}],\"inLanguage\":\"hu\"}]}<\/script>\n<!-- \/ Yoast SEO plugin. -->","yoast_head_json":{"title":"Serology - Poulpharm","robots":{"index":"index","follow":"follow","max-snippet":"max-snippet:-1","max-image-preview":"max-image-preview:large","max-video-preview":"max-video-preview:-1"},"canonical":"https:\/\/poulpharm.vermis.hu\/?page_id=4659","og_locale":"hu_HU","og_type":"article","og_title":"Serology - Poulpharm","og_url":"https:\/\/poulpharm.vermis.hu\/?page_id=4659","og_site_name":"Poulpharm","twitter_card":"summary_large_image","twitter_misc":{"Becs\u00fclt olvas\u00e1si id\u0151":"4 perc"},"schema":{"@context":"https:\/\/schema.org","@graph":[{"@type":"WebPage","@id":"https:\/\/poulpharm.vermis.hu\/?page_id=4659","url":"https:\/\/poulpharm.vermis.hu\/?page_id=4659","name":"Serology - Poulpharm","isPartOf":{"@id":"https:\/\/poulpharm.vermis.hu\/#website"},"datePublished":"2026-03-11T11:02:45+00:00","breadcrumb":{"@id":"https:\/\/poulpharm.vermis.hu\/?page_id=4659#breadcrumb"},"inLanguage":"hu","potentialAction":[{"@type":"ReadAction","target":["https:\/\/poulpharm.vermis.hu\/?page_id=4659"]}]},{"@type":"BreadcrumbList","@id":"https:\/\/poulpharm.vermis.hu\/?page_id=4659#breadcrumb","itemListElement":[{"@type":"ListItem","position":1,"name":"Home","item":"https:\/\/poulpharm.vermis.hu\/"},{"@type":"ListItem","position":2,"name":"Serology"}]},{"@type":"WebSite","@id":"https:\/\/poulpharm.vermis.hu\/#website","url":"https:\/\/poulpharm.vermis.hu\/","name":"Poulpharm","description":"Passionate partner for animal science","potentialAction":[{"@type":"SearchAction","target":{"@type":"EntryPoint","urlTemplate":"https:\/\/poulpharm.vermis.hu\/?s={search_term_string}"},"query-input":{"@type":"PropertyValueSpecification","valueRequired":true,"valueName":"search_term_string"}}],"inLanguage":"hu"}]}},"_links":{"self":[{"href":"https:\/\/poulpharm.vermis.hu\/index.php?rest_route=\/wp\/v2\/pages\/4659","targetHints":{"allow":["GET"]}}],"collection":[{"href":"https:\/\/poulpharm.vermis.hu\/index.php?rest_route=\/wp\/v2\/pages"}],"about":[{"href":"https:\/\/poulpharm.vermis.hu\/index.php?rest_route=\/wp\/v2\/types\/page"}],"author":[{"embeddable":true,"href":"https:\/\/poulpharm.vermis.hu\/index.php?rest_route=\/wp\/v2\/users\/3"}],"replies":[{"embeddable":true,"href":"https:\/\/poulpharm.vermis.hu\/index.php?rest_route=%2Fwp%2Fv2%2Fcomments&post=4659"}],"version-history":[{"count":2,"href":"https:\/\/poulpharm.vermis.hu\/index.php?rest_route=\/wp\/v2\/pages\/4659\/revisions"}],"predecessor-version":[{"id":4661,"href":"https:\/\/poulpharm.vermis.hu\/index.php?rest_route=\/wp\/v2\/pages\/4659\/revisions\/4661"}],"wp:attachment":[{"href":"https:\/\/poulpharm.vermis.hu\/index.php?rest_route=%2Fwp%2Fv2%2Fmedia&parent=4659"}],"curies":[{"name":"wp","href":"https:\/\/api.w.org\/{rel}","templated":true}]}}