{"id":4662,"date":"2026-03-11T12:10:35","date_gmt":"2026-03-11T11:10:35","guid":{"rendered":"https:\/\/poulpharm.vermis.hu\/?page_id=4662"},"modified":"2026-03-11T12:10:35","modified_gmt":"2026-03-11T11:10:35","slug":"parasitology","status":"publish","type":"page","link":"https:\/\/poulpharm.vermis.hu\/?page_id=4662","title":{"rendered":"Parasitology"},"content":{"rendered":"<p><div class=\"fusion-fullwidth fullwidth-box fusion-builder-row-1 fusion-flex-container has-pattern-background has-mask-background nonhundred-percent-fullwidth non-hundred-percent-height-scrolling\" style=\"--awb-border-radius-top-left:0px;--awb-border-radius-top-right:0px;--awb-border-radius-bottom-right:0px;--awb-border-radius-bottom-left:0px;--awb-padding-top:80px;--awb-padding-bottom:80px;--awb-flex-wrap:wrap;\" ><div class=\"fusion-builder-row fusion-row fusion-flex-align-items-flex-start fusion-flex-justify-content-center fusion-flex-content-wrap\" style=\"max-width:1256.6px;margin-left: calc(-3% \/ 2 );margin-right: calc(-3% \/ 2 );\"><\/div><\/div><div class=\"fusion-fullwidth fullwidth-box fusion-builder-row-2 fusion-flex-container has-pattern-background has-mask-background hundred-percent-fullwidth non-hundred-percent-height-scrolling\" style=\"--awb-border-radius-top-left:0px;--awb-border-radius-top-right:0px;--awb-border-radius-bottom-right:0px;--awb-border-radius-bottom-left:0px;--awb-padding-right:72px;--awb-padding-left:72px;--awb-padding-right-medium:30px;--awb-padding-left-medium:30px;--awb-flex-wrap:wrap;\" ><div class=\"fusion-builder-row fusion-row fusion-flex-align-items-flex-start fusion-flex-content-wrap\" style=\"width:103% !important;max-width:103% !important;margin-left: calc(-3% \/ 2 );margin-right: calc(-3% \/ 2 );\"><div class=\"fusion-layout-column fusion_builder_column fusion-builder-column-0 fusion_builder_column_1_1 1_1 fusion-flex-column\" style=\"--awb-padding-top:120px;--awb-padding-right:140px;--awb-padding-bottom:120px;--awb-padding-left:140px;--awb-padding-right-medium:80px;--awb-padding-left-medium:80px;--awb-padding-right-small:40px;--awb-padding-left-small:40px;--awb-overflow:hidden;--awb-bg-image:linear-gradient(90deg, hsla(var(--awb-color5-h),var(--awb-color5-s),calc(var(--awb-color5-l) - 30%),var(--awb-color5-a)) 20%,hsla(var(--awb-color8-h),var(--awb-color8-s),var(--awb-color8-l),calc(var(--awb-color8-a) - 95%)) 70%);;--awb-bg-position:right center;--awb-bg-position-small:center center;--awb-bg-size:cover;--awb-border-radius:20px 20px 20px 20px;--awb-width-large:100%;--awb-spacing-right-large:1.455%;--awb-margin-bottom-large:0px;--awb-spacing-left-large:1.455%;--awb-width-medium:100%;--awb-order-medium:0;--awb-spacing-right-medium:1.455%;--awb-spacing-left-medium:1.455%;--awb-width-small:100%;--awb-order-small:0;--awb-spacing-right-small:1.455%;--awb-spacing-left-small:1.455%;\"><div class=\"fusion-column-wrapper lazyload fusion-column-has-shadow fusion-flex-justify-content-flex-start fusion-content-layout-column fusion-column-has-bg-image\" data-bg-url=\"https:\/\/poulpharm.vermis.hu\/wp-content\/uploads\/2026\/03\/Para_08.jpg\" data-bg=\"https:\/\/poulpharm.vermis.hu\/wp-content\/uploads\/2026\/03\/Para_08.jpg\" data-bg-gradient=\"linear-gradient(90deg, hsla(var(--awb-color5-h),var(--awb-color5-s),calc(var(--awb-color5-l) - 30%),var(--awb-color5-a)) 20%,hsla(var(--awb-color8-h),var(--awb-color8-s),var(--awb-color8-l),calc(var(--awb-color8-a) - 95%)) 70%)\"><div class=\"fusion-title title fusion-title-1 fusion-sep-none fusion-title-text fusion-title-size-two\" style=\"--awb-text-color:var(--awb-color1);--awb-margin-bottom:24px;--awb-margin-bottom-small:20px;--awb-font-size:56px;\"><h2 class=\"fusion-title-heading title-heading-left sm-text-align-center fusion-responsive-typography-calculated\" style=\"margin:0;font-size:1em;--fontSize:56;line-height:var(--awb-typography1-line-height);\"><h2 class=\"elementor-heading-title elementor-size-default\">Parasitology<\/h2><\/h2><\/div><div class=\"fusion-text fusion-text-1 sm-text-align-center fusion-text-no-margin\" style=\"--awb-font-size:24px;--awb-line-height:var(--awb-typography2-line-height);--awb-letter-spacing:var(--awb-typography2-letter-spacing);--awb-text-transform:var(--awb-typography2-text-transform);--awb-margin-bottom:30px;--awb-text-font-family:var(--awb-typography2-font-family);--awb-text-font-weight:var(--awb-typography2-font-weight);--awb-text-font-style:var(--awb-typography2-font-style);\"><p>\u200b<\/p>\n<\/div><\/div><\/div><\/div><\/div><div class=\"fusion-fullwidth fullwidth-box fusion-builder-row-3 fusion-flex-container has-pattern-background has-mask-background nonhundred-percent-fullwidth non-hundred-percent-height-scrolling\" style=\"--awb-border-radius-top-left:0px;--awb-border-radius-top-right:0px;--awb-border-radius-bottom-right:0px;--awb-border-radius-bottom-left:0px;--awb-padding-top:96px;--awb-flex-wrap:wrap;\" ><div class=\"fusion-builder-row fusion-row fusion-flex-align-items-flex-start fusion-flex-content-wrap\" style=\"max-width:1256.6px;margin-left: calc(-3% \/ 2 );margin-right: calc(-3% \/ 2 );\"><div class=\"fusion-layout-column fusion_builder_column fusion-builder-column-1 fusion_builder_column_1_1 1_1 fusion-flex-column fusion-flex-align-self-center\" style=\"--awb-padding-right:64px;--awb-padding-left:64px;--awb-padding-right-medium:40px;--awb-padding-left-medium:40px;--awb-padding-top-small:64px;--awb-padding-right-small:16px;--awb-padding-left-small:16px;--awb-bg-size:cover;--awb-width-large:100%;--awb-spacing-right-large:1.455%;--awb-margin-bottom-large:0px;--awb-spacing-left-large:1.455%;--awb-width-medium:100%;--awb-order-medium:0;--awb-spacing-right-medium:1.455%;--awb-spacing-left-medium:1.455%;--awb-width-small:100%;--awb-order-small:0;--awb-spacing-right-small:1.455%;--awb-spacing-left-small:1.455%;\"><div class=\"fusion-column-wrapper fusion-column-has-shadow fusion-flex-justify-content-flex-start fusion-content-layout-column\"><div class=\"fusion-text fusion-text-2 fusion-text-no-margin\" style=\"--awb-font-size:var(--awb-typography2-font-size);--awb-line-height:var(--awb-typography2-line-height);--awb-letter-spacing:var(--awb-typography2-letter-spacing);--awb-text-transform:var(--awb-typography2-text-transform);--awb-margin-bottom:20px;--awb-text-font-family:var(--awb-typography2-font-family);--awb-text-font-weight:var(--awb-typography2-font-weight);--awb-text-font-style:var(--awb-typography2-font-style);\"><p>\u200b<\/p>\n<\/div><div class=\"fusion-text fusion-text-3 fusion-text-no-margin\" style=\"--awb-margin-bottom:40px;\"><p>Poulpharm is a leading lab within coccidiosis research. Throughout the years Poulpharm has built up exceptional expertise on coccidiosis and can count on specifically trained personnel for its implementation. Annually more than 7000 manure samples are brought in for microscopic research. Here we not only determine the total number of oocysts per gram of manure (OPG) but we also differentiate the different Eimeria species so that an OPG value is obtained per species. Our expertise is not limited to Eimeria species that occur in chickens but also in other animal species (rabbit, turkey, guinea fowl,\u2026). Besides the classical OPG method Poulpharm also disposes of a molecular based method, namely by means of Real-time PCR, for the differentiation of the different Eimeria oocysts in chicken and turkey manure based on the genetic information (DNA).<\/p>\n<p>Besides coccidiosis diagnostics Poulpharm is also specialized in diagnosing worm (Helminth) infections in different animal species. Here we use microscopy to determine the number of eggs per gram of manure (EPG). In addition, we can also detect the worms in intestinal tracts by means of the worm-sieve method.<\/p>\n<p>Within the framework of the Histomonas research, Poulpharm performs besides microscopic research also Real-time PCR on different matrices (manure, organs, dust). Also the cultivation of Histomonas belongs to the possibilities.<\/p>\n<p>Finally, Poulpharm also focuses on ectoparasitic research, with Dermanyssus gallinae or red bird mite as the most important economic ectoparasite. Here we offer mite counts to determine the infection pressure in the barn. In addition, we also carry out susceptibility testing in case of suspected resistance to commercially available pesticides. Hereby we can choose for both an in vivo and an in vitro screening assay.<\/p>\n<\/div><\/div><\/div><\/div><\/div><div class=\"fusion-fullwidth fullwidth-box fusion-builder-row-4 fusion-flex-container has-pattern-background has-mask-background nonhundred-percent-fullwidth non-hundred-percent-height-scrolling\" style=\"--awb-border-radius-top-left:0px;--awb-border-radius-top-right:0px;--awb-border-radius-bottom-right:0px;--awb-border-radius-bottom-left:0px;--awb-padding-top:80px;--awb-padding-bottom:80px;--awb-flex-wrap:wrap;\" ><div class=\"fusion-builder-row fusion-row fusion-flex-align-items-flex-start fusion-flex-justify-content-center fusion-flex-content-wrap\" style=\"max-width:1256.6px;margin-left: calc(-3% \/ 2 );margin-right: calc(-3% \/ 2 );\"><div class=\"fusion-layout-column fusion_builder_column fusion-builder-column-2 fusion_builder_column_1_1 1_1 fusion-flex-column\" style=\"--awb-bg-size:cover;--awb-width-large:100%;--awb-margin-top-large:20px;--awb-spacing-right-large:1.455%;--awb-margin-bottom-large:0px;--awb-spacing-left-large:1.455%;--awb-width-medium:100%;--awb-order-medium:0;--awb-spacing-right-medium:1.455%;--awb-spacing-left-medium:1.455%;--awb-width-small:100%;--awb-order-small:0;--awb-spacing-right-small:1.455%;--awb-spacing-left-small:1.455%;\"><div class=\"fusion-column-wrapper fusion-column-has-shadow fusion-flex-justify-content-flex-start fusion-content-layout-column\"><div class=\"fusion-separator fusion-full-width-sep\" style=\"align-self: center;margin-left: auto;margin-right: auto;margin-top:20px;margin-bottom:20px;width:100%;\"><div class=\"fusion-separator-border sep-single sep-solid\" style=\"--awb-height:20px;--awb-amount:20px;border-color:var(--awb-color3);border-top-width:1px;\"><\/div><\/div><\/div><\/div><\/div><\/div><\/p>\n","protected":false},"excerpt":{"rendered":"","protected":false},"author":3,"featured_media":0,"parent":0,"menu_order":0,"comment_status":"closed","ping_status":"closed","template":"100-width.php","meta":{"_acf_changed":false,"footnotes":""},"class_list":["post-4662","page","type-page","status-publish","hentry"],"acf":[],"yoast_head":"<!-- This site is optimized with the Yoast SEO plugin v27.0 - https:\/\/yoast.com\/product\/yoast-seo-wordpress\/ -->\n<title>Parasitology - Poulpharm<\/title>\n<meta name=\"robots\" content=\"index, follow, max-snippet:-1, max-image-preview:large, max-video-preview:-1\" \/>\n<link rel=\"canonical\" href=\"https:\/\/poulpharm.vermis.hu\/?page_id=4662\" \/>\n<meta property=\"og:locale\" content=\"hu_HU\" \/>\n<meta property=\"og:type\" content=\"article\" \/>\n<meta property=\"og:title\" content=\"Parasitology - Poulpharm\" \/>\n<meta property=\"og:url\" content=\"https:\/\/poulpharm.vermis.hu\/?page_id=4662\" \/>\n<meta property=\"og:site_name\" content=\"Poulpharm\" \/>\n<meta name=\"twitter:card\" content=\"summary_large_image\" \/>\n<meta name=\"twitter:label1\" content=\"Becs\u00fclt olvas\u00e1si id\u0151\" \/>\n\t<meta name=\"twitter:data1\" content=\"2 perc\" \/>\n<script type=\"application\/ld+json\" class=\"yoast-schema-graph\">{\"@context\":\"https:\/\/schema.org\",\"@graph\":[{\"@type\":\"WebPage\",\"@id\":\"https:\/\/poulpharm.vermis.hu\/?page_id=4662\",\"url\":\"https:\/\/poulpharm.vermis.hu\/?page_id=4662\",\"name\":\"Parasitology - Poulpharm\",\"isPartOf\":{\"@id\":\"https:\/\/poulpharm.vermis.hu\/#website\"},\"datePublished\":\"2026-03-11T11:10:35+00:00\",\"breadcrumb\":{\"@id\":\"https:\/\/poulpharm.vermis.hu\/?page_id=4662#breadcrumb\"},\"inLanguage\":\"hu\",\"potentialAction\":[{\"@type\":\"ReadAction\",\"target\":[\"https:\/\/poulpharm.vermis.hu\/?page_id=4662\"]}]},{\"@type\":\"BreadcrumbList\",\"@id\":\"https:\/\/poulpharm.vermis.hu\/?page_id=4662#breadcrumb\",\"itemListElement\":[{\"@type\":\"ListItem\",\"position\":1,\"name\":\"Home\",\"item\":\"https:\/\/poulpharm.vermis.hu\/\"},{\"@type\":\"ListItem\",\"position\":2,\"name\":\"Parasitology\"}]},{\"@type\":\"WebSite\",\"@id\":\"https:\/\/poulpharm.vermis.hu\/#website\",\"url\":\"https:\/\/poulpharm.vermis.hu\/\",\"name\":\"Poulpharm\",\"description\":\"Passionate partner for animal science\",\"potentialAction\":[{\"@type\":\"SearchAction\",\"target\":{\"@type\":\"EntryPoint\",\"urlTemplate\":\"https:\/\/poulpharm.vermis.hu\/?s={search_term_string}\"},\"query-input\":{\"@type\":\"PropertyValueSpecification\",\"valueRequired\":true,\"valueName\":\"search_term_string\"}}],\"inLanguage\":\"hu\"}]}<\/script>\n<!-- \/ Yoast SEO plugin. -->","yoast_head_json":{"title":"Parasitology - Poulpharm","robots":{"index":"index","follow":"follow","max-snippet":"max-snippet:-1","max-image-preview":"max-image-preview:large","max-video-preview":"max-video-preview:-1"},"canonical":"https:\/\/poulpharm.vermis.hu\/?page_id=4662","og_locale":"hu_HU","og_type":"article","og_title":"Parasitology - Poulpharm","og_url":"https:\/\/poulpharm.vermis.hu\/?page_id=4662","og_site_name":"Poulpharm","twitter_card":"summary_large_image","twitter_misc":{"Becs\u00fclt olvas\u00e1si id\u0151":"2 perc"},"schema":{"@context":"https:\/\/schema.org","@graph":[{"@type":"WebPage","@id":"https:\/\/poulpharm.vermis.hu\/?page_id=4662","url":"https:\/\/poulpharm.vermis.hu\/?page_id=4662","name":"Parasitology - Poulpharm","isPartOf":{"@id":"https:\/\/poulpharm.vermis.hu\/#website"},"datePublished":"2026-03-11T11:10:35+00:00","breadcrumb":{"@id":"https:\/\/poulpharm.vermis.hu\/?page_id=4662#breadcrumb"},"inLanguage":"hu","potentialAction":[{"@type":"ReadAction","target":["https:\/\/poulpharm.vermis.hu\/?page_id=4662"]}]},{"@type":"BreadcrumbList","@id":"https:\/\/poulpharm.vermis.hu\/?page_id=4662#breadcrumb","itemListElement":[{"@type":"ListItem","position":1,"name":"Home","item":"https:\/\/poulpharm.vermis.hu\/"},{"@type":"ListItem","position":2,"name":"Parasitology"}]},{"@type":"WebSite","@id":"https:\/\/poulpharm.vermis.hu\/#website","url":"https:\/\/poulpharm.vermis.hu\/","name":"Poulpharm","description":"Passionate partner for animal science","potentialAction":[{"@type":"SearchAction","target":{"@type":"EntryPoint","urlTemplate":"https:\/\/poulpharm.vermis.hu\/?s={search_term_string}"},"query-input":{"@type":"PropertyValueSpecification","valueRequired":true,"valueName":"search_term_string"}}],"inLanguage":"hu"}]}},"_links":{"self":[{"href":"https:\/\/poulpharm.vermis.hu\/index.php?rest_route=\/wp\/v2\/pages\/4662","targetHints":{"allow":["GET"]}}],"collection":[{"href":"https:\/\/poulpharm.vermis.hu\/index.php?rest_route=\/wp\/v2\/pages"}],"about":[{"href":"https:\/\/poulpharm.vermis.hu\/index.php?rest_route=\/wp\/v2\/types\/page"}],"author":[{"embeddable":true,"href":"https:\/\/poulpharm.vermis.hu\/index.php?rest_route=\/wp\/v2\/users\/3"}],"replies":[{"embeddable":true,"href":"https:\/\/poulpharm.vermis.hu\/index.php?rest_route=%2Fwp%2Fv2%2Fcomments&post=4662"}],"version-history":[{"count":2,"href":"https:\/\/poulpharm.vermis.hu\/index.php?rest_route=\/wp\/v2\/pages\/4662\/revisions"}],"predecessor-version":[{"id":4667,"href":"https:\/\/poulpharm.vermis.hu\/index.php?rest_route=\/wp\/v2\/pages\/4662\/revisions\/4667"}],"wp:attachment":[{"href":"https:\/\/poulpharm.vermis.hu\/index.php?rest_route=%2Fwp%2Fv2%2Fmedia&parent=4662"}],"curies":[{"name":"wp","href":"https:\/\/api.w.org\/{rel}","templated":true}]}}