{"id":4663,"date":"2026-03-11T12:10:06","date_gmt":"2026-03-11T11:10:06","guid":{"rendered":"https:\/\/poulpharm.vermis.hu\/?page_id=4663"},"modified":"2026-03-11T12:30:31","modified_gmt":"2026-03-11T11:30:31","slug":"virology","status":"publish","type":"page","link":"https:\/\/poulpharm.vermis.hu\/?page_id=4663","title":{"rendered":"virology"},"content":{"rendered":"<p><div class=\"fusion-fullwidth fullwidth-box fusion-builder-row-1 fusion-flex-container has-pattern-background has-mask-background nonhundred-percent-fullwidth non-hundred-percent-height-scrolling\" style=\"--awb-border-radius-top-left:0px;--awb-border-radius-top-right:0px;--awb-border-radius-bottom-right:0px;--awb-border-radius-bottom-left:0px;--awb-padding-top:80px;--awb-padding-bottom:80px;--awb-flex-wrap:wrap;\" ><div class=\"fusion-builder-row fusion-row fusion-flex-align-items-flex-start fusion-flex-justify-content-center fusion-flex-content-wrap\" style=\"max-width:1256.6px;margin-left: calc(-3% \/ 2 );margin-right: calc(-3% \/ 2 );\"><\/div><\/div><div class=\"fusion-fullwidth fullwidth-box fusion-builder-row-2 fusion-flex-container has-pattern-background has-mask-background hundred-percent-fullwidth non-hundred-percent-height-scrolling\" style=\"--awb-border-radius-top-left:0px;--awb-border-radius-top-right:0px;--awb-border-radius-bottom-right:0px;--awb-border-radius-bottom-left:0px;--awb-padding-right:72px;--awb-padding-left:72px;--awb-padding-right-medium:30px;--awb-padding-left-medium:30px;--awb-flex-wrap:wrap;\" ><div class=\"fusion-builder-row fusion-row fusion-flex-align-items-flex-start fusion-flex-content-wrap\" style=\"width:103% !important;max-width:103% !important;margin-left: calc(-3% \/ 2 );margin-right: calc(-3% \/ 2 );\"><div class=\"fusion-layout-column fusion_builder_column fusion-builder-column-0 fusion_builder_column_1_1 1_1 fusion-flex-column\" style=\"--awb-padding-top:120px;--awb-padding-right:140px;--awb-padding-bottom:120px;--awb-padding-left:140px;--awb-padding-right-medium:80px;--awb-padding-left-medium:80px;--awb-padding-right-small:40px;--awb-padding-left-small:40px;--awb-overflow:hidden;--awb-bg-image:linear-gradient(90deg, hsla(var(--awb-color5-h),var(--awb-color5-s),calc(var(--awb-color5-l) - 30%),var(--awb-color5-a)) 20%,hsla(var(--awb-color8-h),var(--awb-color8-s),var(--awb-color8-l),calc(var(--awb-color8-a) - 95%)) 70%);;--awb-bg-position:right center;--awb-bg-position-small:center center;--awb-bg-size:cover;--awb-border-radius:20px 20px 20px 20px;--awb-width-large:100%;--awb-spacing-right-large:1.455%;--awb-margin-bottom-large:0px;--awb-spacing-left-large:1.455%;--awb-width-medium:100%;--awb-order-medium:0;--awb-spacing-right-medium:1.455%;--awb-spacing-left-medium:1.455%;--awb-width-small:100%;--awb-order-small:0;--awb-spacing-right-small:1.455%;--awb-spacing-left-small:1.455%;\"><div class=\"fusion-column-wrapper lazyload fusion-column-has-shadow fusion-flex-justify-content-flex-start fusion-content-layout-column fusion-column-has-bg-image\" data-bg-url=\"https:\/\/poulpharm.vermis.hu\/wp-content\/uploads\/2026\/03\/IMG_6025-scaled.jpg\" data-bg=\"https:\/\/poulpharm.vermis.hu\/wp-content\/uploads\/2026\/03\/IMG_6025-scaled.jpg\" data-bg-gradient=\"linear-gradient(90deg, hsla(var(--awb-color5-h),var(--awb-color5-s),calc(var(--awb-color5-l) - 30%),var(--awb-color5-a)) 20%,hsla(var(--awb-color8-h),var(--awb-color8-s),var(--awb-color8-l),calc(var(--awb-color8-a) - 95%)) 70%)\"><div class=\"fusion-title title fusion-title-1 fusion-sep-none fusion-title-text fusion-title-size-two\" style=\"--awb-text-color:var(--awb-color1);--awb-margin-bottom:24px;--awb-margin-bottom-small:20px;--awb-font-size:56px;\"><h2 class=\"fusion-title-heading title-heading-left sm-text-align-center fusion-responsive-typography-calculated\" style=\"margin:0;font-size:1em;--fontSize:56;line-height:var(--awb-typography1-line-height);\"><h2 class=\"elementor-heading-title elementor-size-default\">virology<\/h2><\/h2><\/div><div class=\"fusion-text fusion-text-1 sm-text-align-center fusion-text-no-margin\" style=\"--awb-font-size:24px;--awb-line-height:var(--awb-typography2-line-height);--awb-letter-spacing:var(--awb-typography2-letter-spacing);--awb-text-transform:var(--awb-typography2-text-transform);--awb-margin-bottom:30px;--awb-text-font-family:var(--awb-typography2-font-family);--awb-text-font-weight:var(--awb-typography2-font-weight);--awb-text-font-style:var(--awb-typography2-font-style);\"><p>\u200b<\/p>\n<\/div><\/div><\/div><\/div><\/div><div class=\"fusion-fullwidth fullwidth-box fusion-builder-row-3 fusion-flex-container has-pattern-background has-mask-background nonhundred-percent-fullwidth non-hundred-percent-height-scrolling\" style=\"--awb-border-radius-top-left:0px;--awb-border-radius-top-right:0px;--awb-border-radius-bottom-right:0px;--awb-border-radius-bottom-left:0px;--awb-padding-top:96px;--awb-flex-wrap:wrap;\" ><div class=\"fusion-builder-row fusion-row fusion-flex-align-items-flex-start fusion-flex-content-wrap\" style=\"max-width:1256.6px;margin-left: calc(-3% \/ 2 );margin-right: calc(-3% \/ 2 );\"><div class=\"fusion-layout-column fusion_builder_column fusion-builder-column-1 fusion_builder_column_1_1 1_1 fusion-flex-column fusion-flex-align-self-center\" style=\"--awb-padding-right:64px;--awb-padding-left:64px;--awb-padding-right-medium:40px;--awb-padding-left-medium:40px;--awb-padding-top-small:64px;--awb-padding-right-small:16px;--awb-padding-left-small:16px;--awb-bg-size:cover;--awb-width-large:100%;--awb-spacing-right-large:1.455%;--awb-margin-bottom-large:0px;--awb-spacing-left-large:1.455%;--awb-width-medium:100%;--awb-order-medium:0;--awb-spacing-right-medium:1.455%;--awb-spacing-left-medium:1.455%;--awb-width-small:100%;--awb-order-small:0;--awb-spacing-right-small:1.455%;--awb-spacing-left-small:1.455%;\"><div class=\"fusion-column-wrapper fusion-column-has-shadow fusion-flex-justify-content-flex-start fusion-content-layout-column\"><div class=\"fusion-text fusion-text-2 fusion-text-no-margin\" style=\"--awb-font-size:var(--awb-typography2-font-size);--awb-line-height:var(--awb-typography2-line-height);--awb-letter-spacing:var(--awb-typography2-letter-spacing);--awb-text-transform:var(--awb-typography2-text-transform);--awb-margin-bottom:20px;--awb-text-font-family:var(--awb-typography2-font-family);--awb-text-font-weight:var(--awb-typography2-font-weight);--awb-text-font-style:var(--awb-typography2-font-style);\"><p>\u200b<\/p>\n<\/div><div class=\"fusion-text fusion-text-3 fusion-text-no-margin\" style=\"--awb-margin-bottom:40px;\"><p>Our virology laboratory consists of a team of scientists and skilful laboratory technicians working together to isolate, identify viruses and produce autogenous vaccines for a wide range of animal viruses. Beside providing diagnostic analysis to veterinarians, our team also has the capability to design specific\u00a0<i>in vitro\u00a0<\/i>assays\u00a0 to help in the development of new products or testing the activity of existing products. For this embryonated egg, multiple primary cells or continuous cell lines (MDCK, Vero, LMH, MA-104, etc) can be used. A large collection of different target viruses (Table 1) is available. Our comprehensive facility has the capability to conduct multiple testing (ex: cell culture, PCR, qPCR, and ELISA) to ensure that all your needs are served under one roof.<\/p>\n<\/div><\/div><\/div><\/div><\/div><div class=\"fusion-fullwidth fullwidth-box fusion-builder-row-4 fusion-flex-container has-pattern-background has-mask-background nonhundred-percent-fullwidth non-hundred-percent-height-scrolling\" style=\"--awb-border-radius-top-left:0px;--awb-border-radius-top-right:0px;--awb-border-radius-bottom-right:0px;--awb-border-radius-bottom-left:0px;--awb-padding-top:96px;--awb-flex-wrap:wrap;\" ><div class=\"fusion-builder-row fusion-row fusion-flex-align-items-flex-start fusion-flex-content-wrap\" style=\"max-width:1256.6px;margin-left: calc(-3% \/ 2 );margin-right: calc(-3% \/ 2 );\"><div class=\"fusion-layout-column fusion_builder_column fusion-builder-column-2 fusion_builder_column_1_1 1_1 fusion-flex-column\" style=\"--awb-bg-size:cover;--awb-width-large:100%;--awb-spacing-right-large:1.455%;--awb-margin-bottom-large:0px;--awb-spacing-left-large:1.455%;--awb-width-medium:100%;--awb-order-medium:0;--awb-spacing-right-medium:1.455%;--awb-spacing-left-medium:1.455%;--awb-width-small:100%;--awb-order-small:0;--awb-spacing-right-small:1.455%;--awb-spacing-left-small:1.455%;\"><div class=\"fusion-column-wrapper fusion-column-has-shadow fusion-flex-justify-content-flex-start fusion-content-layout-column\"><div class=\"fusion-title title fusion-title-2 fusion-sep-none fusion-title-text fusion-title-size-three\"><h3 class=\"fusion-title-heading title-heading-left fusion-responsive-typography-calculated\" style=\"margin:0;--fontSize:36;line-height:var(--awb-typography1-line-height);\"><h2 class=\"elementor-heading-title elementor-size-default\">Assay capabilities<\/h2><\/h3><\/div><\/div><\/div><div class=\"fusion-layout-column fusion_builder_column fusion-builder-column-3 fusion_builder_column_1_1 1_1 fusion-flex-column fusion-flex-align-self-center\" style=\"--awb-padding-right:64px;--awb-padding-left:64px;--awb-padding-right-medium:40px;--awb-padding-left-medium:40px;--awb-padding-top-small:64px;--awb-padding-right-small:16px;--awb-padding-left-small:16px;--awb-bg-size:cover;--awb-width-large:100%;--awb-spacing-right-large:1.455%;--awb-margin-bottom-large:0px;--awb-spacing-left-large:1.455%;--awb-width-medium:100%;--awb-order-medium:0;--awb-spacing-right-medium:1.455%;--awb-spacing-left-medium:1.455%;--awb-width-small:100%;--awb-order-small:0;--awb-spacing-right-small:1.455%;--awb-spacing-left-small:1.455%;\"><div class=\"fusion-column-wrapper fusion-column-has-shadow fusion-flex-justify-content-flex-start fusion-content-layout-column\"><div class=\"fusion-text fusion-text-4 fusion-text-no-margin\" style=\"--awb-font-size:var(--awb-typography2-font-size);--awb-line-height:var(--awb-typography2-line-height);--awb-letter-spacing:var(--awb-typography2-letter-spacing);--awb-text-transform:var(--awb-typography2-text-transform);--awb-margin-bottom:20px;--awb-text-font-family:var(--awb-typography2-font-family);--awb-text-font-weight:var(--awb-typography2-font-weight);--awb-text-font-style:var(--awb-typography2-font-style);\"><p>\u200b<\/p>\n<\/div><div class=\"fusion-text fusion-text-5 fusion-text-no-margin\" style=\"--awb-margin-bottom:40px;\"><p>Below is the description of some of the assays that we have readily developed in our laboratory.<\/p>\n<p><u><strong>Cytotoxicity assay<\/strong><br \/>\n<\/u>Physical and chemical agents may cause toxicity on cells.\u00a0<i>In vitro\u00a0<\/i>viability and cytotoxicity assay with cultured cells are widely used for cytotoxicity test of chemicals or drug screening. The evaluation is based on the reduction of MTT (3-[4,5-dimethylthiazol-2-yl]-2,5-diphenyl tetrazolium bromide) by viable cells to form purple formazan crystal which can be measured spectrophotometrically. Various concentrations of substances can be tested on target cells in 96-well plate format. The 50% Cytotoxicity concentration (CC50) is defined as the substance concentration that reduced the cell viability by 50%.\u00a0 Sample type can be a drug candidate, antiviral substance, toxin, or feed additives.<\/p>\n<p><u><strong>Antiviral testing<\/strong><br \/>\n<\/u>This test evaluates the ability of the substance to inhibit virus replication\/production in cell culture. It is performed by infecting cells in the presence of different concentrations of test substance, collecting cells and cell culture supernatants at different timepoints after several cycle of viral replication. Different mode of treatment\/delivery of the substance can also be tested here.<\/p>\n<p><strong><u>50 Percent Tissue Culture Infectious Dose (TCID<\/u><u>50<\/u><\/strong><u><strong>) end point dilution<\/strong><br \/>\n<\/u>The TCID50 is the amount of virus required to kill 50% of the cells in a well. The assay is performed by inoculating serially diluted cell culture supernatant\/virus stock into a permissive cell line and incubating them for several days. The presence of Cytopathic effect (CPE) is examined\u00a0 by visual observation under light microscope. The titre of the virus is calculated using Reed and Muench method or by plaque forming units.<\/p>\n<p><u><strong>Hemagglutination Inhibition (HI) assay (for influenza, or other hemagglutinating viruses)<\/strong><br \/>\n<\/u>The principal of HI is the inhibition of hemagglutination of Influenza by antibodies against the virus. The hemagglutinin protein (HA) of the influenza virus binds to the sialic acid receptor or red blood cells (RBCs). This process is called hemagglutination. When influenza virus binds to RBCs, the influenza virus will hemagglutinate RBCs and causing the formation of a lattice. If a serum containing influenza antibodies is added to the virus before addition of RBCs, the antibodies present in the serum will bind to the virus and inhibit the hemagglutination process. The highest dilution of the serum that inhibit hemagglutination is called HI titre.<\/p>\n<p><u><strong>Microneutralization or Virus neutralization assay<\/strong><br \/>\n<\/u>This test is performed to evaluate the presence of functional antibodies to prevent viral infection. Prediluted antibodies (or serum from vaccinated animals) are pre incubated with target virus\/toxin for some length of time then the complex is inoculated into permissive cell line. After several hours(days) of incubation, the presence of CPE is examined under light microscope. If the virus\/toxin doesn\u2019t produce cytopathic effect, cell viability is measured by MTT assay.<\/p>\n<\/div><\/div><\/div><div class=\"fusion-layout-column fusion_builder_column fusion-builder-column-4 fusion_builder_column_1_1 1_1 fusion-flex-column\" style=\"--awb-bg-size:cover;--awb-width-large:100%;--awb-spacing-right-large:1.455%;--awb-margin-bottom-large:0px;--awb-spacing-left-large:1.455%;--awb-width-medium:100%;--awb-order-medium:0;--awb-spacing-right-medium:1.455%;--awb-spacing-left-medium:1.455%;--awb-width-small:100%;--awb-order-small:0;--awb-spacing-right-small:1.455%;--awb-spacing-left-small:1.455%;\"><div class=\"fusion-column-wrapper fusion-column-has-shadow fusion-flex-justify-content-flex-start fusion-content-layout-column\"><div class=\"fusion-title title fusion-title-3 fusion-sep-none fusion-title-text fusion-title-size-three\"><h3 class=\"fusion-title-heading title-heading-left fusion-responsive-typography-calculated\" style=\"margin:0;--fontSize:36;line-height:var(--awb-typography1-line-height);\"><h2 class=\"elementor-heading-title elementor-size-default\">Viruses available for testing<\/h2><\/h3><\/div><\/div><\/div><\/div><\/div><div class=\"fusion-fullwidth fullwidth-box fusion-builder-row-5 fusion-flex-container has-pattern-background has-mask-background nonhundred-percent-fullwidth non-hundred-percent-height-scrolling\" style=\"--awb-border-radius-top-left:0px;--awb-border-radius-top-right:0px;--awb-border-radius-bottom-right:0px;--awb-border-radius-bottom-left:0px;--awb-padding-top:80px;--awb-padding-bottom:80px;--awb-flex-wrap:wrap;\" ><div class=\"fusion-builder-row fusion-row fusion-flex-align-items-flex-start fusion-flex-justify-content-center fusion-flex-content-wrap\" style=\"max-width:1256.6px;margin-left: calc(-3% \/ 2 );margin-right: calc(-3% \/ 2 );\"><div class=\"fusion-layout-column fusion_builder_column fusion-builder-column-5 fusion_builder_column_1_1 1_1 fusion-flex-column\" style=\"--awb-bg-size:cover;--awb-width-large:100%;--awb-margin-top-large:20px;--awb-spacing-right-large:1.455%;--awb-margin-bottom-large:0px;--awb-spacing-left-large:1.455%;--awb-width-medium:100%;--awb-order-medium:0;--awb-spacing-right-medium:1.455%;--awb-spacing-left-medium:1.455%;--awb-width-small:100%;--awb-order-small:0;--awb-spacing-right-small:1.455%;--awb-spacing-left-small:1.455%;\"><div class=\"fusion-column-wrapper fusion-column-has-shadow fusion-flex-justify-content-flex-start fusion-content-layout-column\"><div class=\"fusion-separator fusion-full-width-sep\" style=\"align-self: center;margin-left: auto;margin-right: auto;margin-top:20px;margin-bottom:20px;width:100%;\"><div class=\"fusion-separator-border sep-single sep-solid\" style=\"--awb-height:20px;--awb-amount:20px;border-color:var(--awb-color3);border-top-width:1px;\"><\/div><\/div><\/div><\/div><\/div><\/div><\/p>\n","protected":false},"excerpt":{"rendered":"","protected":false},"author":3,"featured_media":0,"parent":0,"menu_order":0,"comment_status":"closed","ping_status":"closed","template":"100-width.php","meta":{"_acf_changed":false,"footnotes":""},"class_list":["post-4663","page","type-page","status-publish","hentry"],"acf":[],"yoast_head":"<!-- This site is optimized with the Yoast SEO plugin v27.0 - https:\/\/yoast.com\/product\/yoast-seo-wordpress\/ -->\n<title>virology - Poulpharm<\/title>\n<meta name=\"robots\" content=\"index, follow, max-snippet:-1, max-image-preview:large, max-video-preview:-1\" \/>\n<link rel=\"canonical\" href=\"https:\/\/poulpharm.vermis.hu\/?page_id=4663\" \/>\n<meta property=\"og:locale\" content=\"hu_HU\" \/>\n<meta property=\"og:type\" content=\"article\" \/>\n<meta property=\"og:title\" content=\"virology - Poulpharm\" \/>\n<meta property=\"og:url\" content=\"https:\/\/poulpharm.vermis.hu\/?page_id=4663\" \/>\n<meta property=\"og:site_name\" content=\"Poulpharm\" \/>\n<meta property=\"article:modified_time\" content=\"2026-03-11T11:30:31+00:00\" \/>\n<meta name=\"twitter:card\" content=\"summary_large_image\" \/>\n<meta name=\"twitter:label1\" content=\"Becs\u00fclt olvas\u00e1si id\u0151\" \/>\n\t<meta name=\"twitter:data1\" content=\"4 perc\" \/>\n<script type=\"application\/ld+json\" class=\"yoast-schema-graph\">{\"@context\":\"https:\/\/schema.org\",\"@graph\":[{\"@type\":\"WebPage\",\"@id\":\"https:\/\/poulpharm.vermis.hu\/?page_id=4663\",\"url\":\"https:\/\/poulpharm.vermis.hu\/?page_id=4663\",\"name\":\"virology - Poulpharm\",\"isPartOf\":{\"@id\":\"https:\/\/poulpharm.vermis.hu\/#website\"},\"datePublished\":\"2026-03-11T11:10:06+00:00\",\"dateModified\":\"2026-03-11T11:30:31+00:00\",\"breadcrumb\":{\"@id\":\"https:\/\/poulpharm.vermis.hu\/?page_id=4663#breadcrumb\"},\"inLanguage\":\"hu\",\"potentialAction\":[{\"@type\":\"ReadAction\",\"target\":[\"https:\/\/poulpharm.vermis.hu\/?page_id=4663\"]}]},{\"@type\":\"BreadcrumbList\",\"@id\":\"https:\/\/poulpharm.vermis.hu\/?page_id=4663#breadcrumb\",\"itemListElement\":[{\"@type\":\"ListItem\",\"position\":1,\"name\":\"Home\",\"item\":\"https:\/\/poulpharm.vermis.hu\/\"},{\"@type\":\"ListItem\",\"position\":2,\"name\":\"virology\"}]},{\"@type\":\"WebSite\",\"@id\":\"https:\/\/poulpharm.vermis.hu\/#website\",\"url\":\"https:\/\/poulpharm.vermis.hu\/\",\"name\":\"Poulpharm\",\"description\":\"Passionate partner for animal science\",\"potentialAction\":[{\"@type\":\"SearchAction\",\"target\":{\"@type\":\"EntryPoint\",\"urlTemplate\":\"https:\/\/poulpharm.vermis.hu\/?s={search_term_string}\"},\"query-input\":{\"@type\":\"PropertyValueSpecification\",\"valueRequired\":true,\"valueName\":\"search_term_string\"}}],\"inLanguage\":\"hu\"}]}<\/script>\n<!-- \/ Yoast SEO plugin. -->","yoast_head_json":{"title":"virology - Poulpharm","robots":{"index":"index","follow":"follow","max-snippet":"max-snippet:-1","max-image-preview":"max-image-preview:large","max-video-preview":"max-video-preview:-1"},"canonical":"https:\/\/poulpharm.vermis.hu\/?page_id=4663","og_locale":"hu_HU","og_type":"article","og_title":"virology - Poulpharm","og_url":"https:\/\/poulpharm.vermis.hu\/?page_id=4663","og_site_name":"Poulpharm","article_modified_time":"2026-03-11T11:30:31+00:00","twitter_card":"summary_large_image","twitter_misc":{"Becs\u00fclt olvas\u00e1si id\u0151":"4 perc"},"schema":{"@context":"https:\/\/schema.org","@graph":[{"@type":"WebPage","@id":"https:\/\/poulpharm.vermis.hu\/?page_id=4663","url":"https:\/\/poulpharm.vermis.hu\/?page_id=4663","name":"virology - Poulpharm","isPartOf":{"@id":"https:\/\/poulpharm.vermis.hu\/#website"},"datePublished":"2026-03-11T11:10:06+00:00","dateModified":"2026-03-11T11:30:31+00:00","breadcrumb":{"@id":"https:\/\/poulpharm.vermis.hu\/?page_id=4663#breadcrumb"},"inLanguage":"hu","potentialAction":[{"@type":"ReadAction","target":["https:\/\/poulpharm.vermis.hu\/?page_id=4663"]}]},{"@type":"BreadcrumbList","@id":"https:\/\/poulpharm.vermis.hu\/?page_id=4663#breadcrumb","itemListElement":[{"@type":"ListItem","position":1,"name":"Home","item":"https:\/\/poulpharm.vermis.hu\/"},{"@type":"ListItem","position":2,"name":"virology"}]},{"@type":"WebSite","@id":"https:\/\/poulpharm.vermis.hu\/#website","url":"https:\/\/poulpharm.vermis.hu\/","name":"Poulpharm","description":"Passionate partner for animal science","potentialAction":[{"@type":"SearchAction","target":{"@type":"EntryPoint","urlTemplate":"https:\/\/poulpharm.vermis.hu\/?s={search_term_string}"},"query-input":{"@type":"PropertyValueSpecification","valueRequired":true,"valueName":"search_term_string"}}],"inLanguage":"hu"}]}},"_links":{"self":[{"href":"https:\/\/poulpharm.vermis.hu\/index.php?rest_route=\/wp\/v2\/pages\/4663","targetHints":{"allow":["GET"]}}],"collection":[{"href":"https:\/\/poulpharm.vermis.hu\/index.php?rest_route=\/wp\/v2\/pages"}],"about":[{"href":"https:\/\/poulpharm.vermis.hu\/index.php?rest_route=\/wp\/v2\/types\/page"}],"author":[{"embeddable":true,"href":"https:\/\/poulpharm.vermis.hu\/index.php?rest_route=\/wp\/v2\/users\/3"}],"replies":[{"embeddable":true,"href":"https:\/\/poulpharm.vermis.hu\/index.php?rest_route=%2Fwp%2Fv2%2Fcomments&post=4663"}],"version-history":[{"count":3,"href":"https:\/\/poulpharm.vermis.hu\/index.php?rest_route=\/wp\/v2\/pages\/4663\/revisions"}],"predecessor-version":[{"id":4676,"href":"https:\/\/poulpharm.vermis.hu\/index.php?rest_route=\/wp\/v2\/pages\/4663\/revisions\/4676"}],"wp:attachment":[{"href":"https:\/\/poulpharm.vermis.hu\/index.php?rest_route=%2Fwp%2Fv2%2Fmedia&parent=4663"}],"curies":[{"name":"wp","href":"https:\/\/api.w.org\/{rel}","templated":true}]}}