{"id":4671,"date":"2026-03-11T12:26:50","date_gmt":"2026-03-11T11:26:50","guid":{"rendered":"https:\/\/poulpharm.vermis.hu\/?page_id=4671"},"modified":"2026-03-11T12:32:25","modified_gmt":"2026-03-11T11:32:25","slug":"pathology","status":"publish","type":"page","link":"https:\/\/poulpharm.vermis.hu\/?page_id=4671","title":{"rendered":"Pathology"},"content":{"rendered":"<p><div class=\"fusion-fullwidth fullwidth-box fusion-builder-row-1 fusion-flex-container has-pattern-background has-mask-background nonhundred-percent-fullwidth non-hundred-percent-height-scrolling\" style=\"--awb-border-radius-top-left:0px;--awb-border-radius-top-right:0px;--awb-border-radius-bottom-right:0px;--awb-border-radius-bottom-left:0px;--awb-padding-top:80px;--awb-padding-bottom:80px;--awb-flex-wrap:wrap;\" ><div class=\"fusion-builder-row fusion-row fusion-flex-align-items-flex-start fusion-flex-justify-content-center fusion-flex-content-wrap\" style=\"max-width:1256.6px;margin-left: calc(-3% \/ 2 );margin-right: calc(-3% \/ 2 );\"><\/div><\/div><div class=\"fusion-fullwidth fullwidth-box fusion-builder-row-2 fusion-flex-container has-pattern-background has-mask-background hundred-percent-fullwidth non-hundred-percent-height-scrolling\" style=\"--awb-border-radius-top-left:0px;--awb-border-radius-top-right:0px;--awb-border-radius-bottom-right:0px;--awb-border-radius-bottom-left:0px;--awb-padding-right:72px;--awb-padding-left:72px;--awb-padding-right-medium:30px;--awb-padding-left-medium:30px;--awb-flex-wrap:wrap;\" ><div class=\"fusion-builder-row fusion-row fusion-flex-align-items-flex-start fusion-flex-content-wrap\" style=\"width:103% !important;max-width:103% !important;margin-left: calc(-3% \/ 2 );margin-right: calc(-3% \/ 2 );\"><div class=\"fusion-layout-column fusion_builder_column fusion-builder-column-0 fusion_builder_column_1_1 1_1 fusion-flex-column\" style=\"--awb-padding-top:120px;--awb-padding-right:140px;--awb-padding-bottom:120px;--awb-padding-left:140px;--awb-padding-right-medium:80px;--awb-padding-left-medium:80px;--awb-padding-right-small:40px;--awb-padding-left-small:40px;--awb-overflow:hidden;--awb-bg-image:linear-gradient(90deg, hsla(var(--awb-color5-h),var(--awb-color5-s),calc(var(--awb-color5-l) - 30%),var(--awb-color5-a)) 20%,hsla(var(--awb-color8-h),var(--awb-color8-s),var(--awb-color8-l),calc(var(--awb-color8-a) - 95%)) 70%);;--awb-bg-position:right center;--awb-bg-position-small:center center;--awb-bg-size:cover;--awb-border-radius:20px 20px 20px 20px;--awb-width-large:100%;--awb-spacing-right-large:1.455%;--awb-margin-bottom-large:0px;--awb-spacing-left-large:1.455%;--awb-width-medium:100%;--awb-order-medium:0;--awb-spacing-right-medium:1.455%;--awb-spacing-left-medium:1.455%;--awb-width-small:100%;--awb-order-small:0;--awb-spacing-right-small:1.455%;--awb-spacing-left-small:1.455%;\"><div class=\"fusion-column-wrapper lazyload fusion-column-has-shadow fusion-flex-justify-content-flex-start fusion-content-layout-column fusion-column-has-bg-image\" data-bg-url=\"https:\/\/poulpharm.vermis.hu\/wp-content\/uploads\/2026\/03\/Para_06.jpg\" data-bg=\"https:\/\/poulpharm.vermis.hu\/wp-content\/uploads\/2026\/03\/Para_06.jpg\" data-bg-gradient=\"linear-gradient(90deg, hsla(var(--awb-color5-h),var(--awb-color5-s),calc(var(--awb-color5-l) - 30%),var(--awb-color5-a)) 20%,hsla(var(--awb-color8-h),var(--awb-color8-s),var(--awb-color8-l),calc(var(--awb-color8-a) - 95%)) 70%)\"><div class=\"fusion-title title fusion-title-1 fusion-sep-none fusion-title-text fusion-title-size-two\" style=\"--awb-text-color:var(--awb-color1);--awb-margin-bottom:24px;--awb-margin-bottom-small:20px;--awb-font-size:56px;\"><h2 class=\"fusion-title-heading title-heading-left sm-text-align-center fusion-responsive-typography-calculated\" style=\"margin:0;font-size:1em;--fontSize:56;line-height:var(--awb-typography1-line-height);\"><h2 class=\"elementor-heading-title elementor-size-default\">Pathology<\/h2><\/h2><\/div><div class=\"fusion-text fusion-text-1 sm-text-align-center fusion-text-no-margin\" style=\"--awb-font-size:24px;--awb-line-height:var(--awb-typography2-line-height);--awb-letter-spacing:var(--awb-typography2-letter-spacing);--awb-text-transform:var(--awb-typography2-text-transform);--awb-margin-bottom:30px;--awb-text-font-family:var(--awb-typography2-font-family);--awb-text-font-weight:var(--awb-typography2-font-weight);--awb-text-font-style:var(--awb-typography2-font-style);\"><p>\u200b<\/p>\n<\/div><\/div><\/div><\/div><\/div><div class=\"fusion-fullwidth fullwidth-box fusion-builder-row-3 fusion-flex-container has-pattern-background has-mask-background nonhundred-percent-fullwidth non-hundred-percent-height-scrolling\" style=\"--awb-border-radius-top-left:0px;--awb-border-radius-top-right:0px;--awb-border-radius-bottom-right:0px;--awb-border-radius-bottom-left:0px;--awb-padding-top:96px;--awb-padding-bottom:96px;--awb-flex-wrap:wrap;\" ><div class=\"fusion-builder-row fusion-row fusion-flex-align-items-flex-start fusion-flex-justify-content-space-between fusion-flex-content-wrap\" style=\"max-width:1256.6px;margin-left: calc(-3% \/ 2 );margin-right: calc(-3% \/ 2 );\"><div class=\"fusion-layout-column fusion_builder_column fusion-builder-column-1 fusion_builder_column_1_1 1_1 fusion-flex-column fusion-flex-align-self-center\" style=\"--awb-padding-right:56px;--awb-padding-left:56px;--awb-padding-top-medium:64px;--awb-padding-right-medium:40px;--awb-padding-bottom-medium:64px;--awb-padding-left-medium:40px;--awb-padding-right-small:20px;--awb-padding-left-small:20px;--awb-bg-size:cover;--awb-width-large:100%;--awb-spacing-right-large:1.455%;--awb-margin-bottom-large:0px;--awb-spacing-left-large:1.455%;--awb-width-medium:50%;--awb-order-medium:0;--awb-spacing-right-medium:2.91%;--awb-spacing-left-medium:2.91%;--awb-width-small:100%;--awb-order-small:0;--awb-spacing-right-small:1.455%;--awb-spacing-left-small:1.455%;\"><div class=\"fusion-column-wrapper fusion-column-has-shadow fusion-flex-justify-content-flex-start fusion-content-layout-column\"><div class=\"fusion-text fusion-text-2 fusion-text-no-margin\" style=\"--awb-font-size:var(--awb-typography2-font-size);--awb-line-height:var(--awb-typography2-line-height);--awb-letter-spacing:var(--awb-typography2-letter-spacing);--awb-text-transform:var(--awb-typography2-text-transform);--awb-margin-top:20px;--awb-margin-bottom:20px;--awb-text-font-family:var(--awb-typography2-font-family);--awb-text-font-weight:var(--awb-typography2-font-weight);--awb-text-font-style:var(--awb-typography2-font-style);\"><p>\u200b<\/p>\n<\/div><div class=\"fusion-text fusion-text-3 fusion-text-no-margin\" style=\"--awb-margin-bottom:48px;\"><p>Poulpharm has the necessary facilities for carrying out post-mortem examinations. In consultation with experienced veterinarians, the appropriate samples are taken for pathological diagnosis. Within our pathology department we use three services: necropsy, histology and cytology.<\/p>\n<\/div><div class=\"fusion-tabs fusion-tabs-1 classic nav-is-justified horizontal-tabs icon-position-left mobile-mode-accordion\" style=\"--awb-margin-bottom:0px;--awb-title-border-radius-top-left:12px;--awb-title-border-radius-top-right:12px;--awb-title-border-radius-bottom-right:12px;--awb-title-border-radius-bottom-left:12px;--awb-content-padding-top:32px;--awb-content-padding-right:20px;--awb-content-padding-bottom:0px;--awb-content-padding-left:20px;--awb-title-padding-top:20px;--awb-title-padding-bottom:20px;--awb-title-font-size:17px;--awb-title-text-transform:var(--awb-typography2-text-transform);--awb-title-line-height:var(--awb-typography2-line-height);--awb-title-letter-spacing:var(--awb-typography2-letter-spacing);--awb-alignment:start;--awb-inactive-color:var(--awb-color2);--awb-background-color:var(--awb-color1);--awb-border-color:var(--awb-color1);--awb-active-border-color:#7eb927;--awb-title-font-family:var(--awb-typography2-font-family);--awb-title-font-weight:var(--awb-typography2-font-weight);--awb-title-font-style:var(--awb-typography2-font-style);\"><div class=\"nav\"><ul class=\"nav-tabs nav-justified\" role=\"tablist\"><li class=\"active\" role=\"presentation\"><a class=\"tab-link\" data-toggle=\"tab\" role=\"tab\" aria-controls=\"tab-7f08ded73d648fd2e43\" aria-selected=\"true\" id=\"fusion-tab-necropsy\" href=\"#tab-7f08ded73d648fd2e43\"><h4 class=\"fusion-tab-heading\">Necropsy<\/h4><\/a><\/li><li role=\"presentation\"><a class=\"tab-link\" data-toggle=\"tab\" role=\"tab\" aria-controls=\"tab-894baaa0437e66c4ae9\" aria-selected=\"false\" tabindex=\"-1\" id=\"fusion-tab-histology\" href=\"#tab-894baaa0437e66c4ae9\"><h4 class=\"fusion-tab-heading\">Histology<\/h4><\/a><\/li><li role=\"presentation\"><a class=\"tab-link\" data-toggle=\"tab\" role=\"tab\" aria-controls=\"tab-1a88f00533b7f85bc07\" aria-selected=\"false\" tabindex=\"-1\" id=\"fusion-tab-cytology\" href=\"#tab-1a88f00533b7f85bc07\"><h4 class=\"fusion-tab-heading\">Cytology<\/h4><\/a><\/li><li role=\"presentation\"><a class=\"tab-link\" data-toggle=\"tab\" role=\"tab\" aria-controls=\"tab-fa4c2ff98d7ca93fa1c\" aria-selected=\"false\" tabindex=\"-1\" id=\"fusion-tab-haematology\" href=\"#tab-fa4c2ff98d7ca93fa1c\"><h4 class=\"fusion-tab-heading\">Haematology<\/h4><\/a><\/li><\/ul><\/div><div class=\"tab-content\"><div class=\"nav fusion-mobile-tab-nav\"><ul class=\"nav-tabs nav-justified\" role=\"tablist\"><li class=\"active\" role=\"presentation\"><a class=\"tab-link\" data-toggle=\"tab\" role=\"tab\" aria-controls=\"tab-7f08ded73d648fd2e43\" aria-selected=\"true\" id=\"mobile-fusion-tab-necropsy\" href=\"#tab-7f08ded73d648fd2e43\"><h4 class=\"fusion-tab-heading\">Necropsy<\/h4><\/a><\/li><\/ul><\/div><div class=\"tab-pane fade fusion-clearfix in active\" role=\"tabpanel\" tabindex=\"0\" aria-labelledby=\"fusion-tab-necropsy\" id=\"tab-7f08ded73d648fd2e43\">\n<p>Poulpharm has three well-equipped necropsy rooms at different locations for performing post-mortem examinations in various animal species with a focus on poultry and pigs. We strive to arrive at a pathological diagnosis through a thorough external and subsequently internal assessment. To this end, while performing the necropsy, we will proceed to targeted sampling for further investigation or preservation. For the performance of necropsies, the lab is assisted by an experienced team of veterinarians specializing in pigs and poultry. Necropsy results are provided through a complete descriptive report with an indication of which samples were taken during the necropsy and, if desired, photographs. Such a report is provided within three working days. If additional investigations are requested, the turnaround time depends on the type of investigation.<\/p>\n<h2>Requirements when applying for necropsy<\/h2>\n<div class=\"elementor-element elementor-element-2f18063 elementor-widget elementor-widget-text-editor\">\n<div class=\"elementor-widget-container\">\n<p>Each delivered animal or group of animals must be accompanied by a laboratory research request form. These forms can be found\u00a0<a href=\"https:\/\/testpoulpharm.wpcomstaging.com\/en\/formulieren-eng\/\">here<\/a>.<br \/>\nFor optimal interpretation, it is recommended to be as complete as possible when filling out these request forms.<\/p>\n<\/div>\n<\/div>\n<div class=\"elementor-element elementor-element-1738387 elementor-widget elementor-widget-heading\">\n<h2 class=\"elementor-widget-container\">Where can I bring an animal in for necropsy?<\/h2>\n<\/div>\n<div class=\"elementor-element elementor-element-ee4295b elementor-widget elementor-widget-text-editor\">\n<div class=\"elementor-widget-container\">\n<p>If you wish to bring in an animal or group of animals yourself, this is possible at the Poulpharm steel frigate: Prins Albertlaan 112, 8870 Izegem. Please inform the logistics department before<\/p>\n<\/div>\n<\/div>\n<\/div><div class=\"nav fusion-mobile-tab-nav\"><ul class=\"nav-tabs nav-justified\" role=\"tablist\"><li role=\"presentation\"><a class=\"tab-link\" data-toggle=\"tab\" role=\"tab\" aria-controls=\"tab-894baaa0437e66c4ae9\" aria-selected=\"false\" tabindex=\"-1\" id=\"mobile-fusion-tab-histology\" href=\"#tab-894baaa0437e66c4ae9\"><h4 class=\"fusion-tab-heading\">Histology<\/h4><\/a><\/li><\/ul><\/div><div class=\"tab-pane fade fusion-clearfix\" role=\"tabpanel\" tabindex=\"0\" aria-labelledby=\"fusion-tab-histology\" id=\"tab-894baaa0437e66c4ae9\">\n<h2>Interpretation of histological images with full descriptive report.<\/h2>\n<p>Through histological analysis, we study the structure and possible abnormalities of a specific tissue type. After resection of a fresh piece of tissue during a necropsy, this tissue undergoes a technical processing resulting in a histological section, which is then viewed under a microscope. During this microscopic analysis, our team of experienced veterinarians will study the tissue structure and report the main histopathological findings. Routine histological examination is done on hematoxylin and eosin (HE) stained microscopic sections. Special staining such as a Periodic Acid Shiff (PAS) stain can be requested as well as immunohistochemical staining.<\/p>\n<p>Histological analysis can be performed after sampling during a necropsy when the performing veterinarian deems it necessary, but you can also send fixed tissue or leave it at our sample storage facility (Prins Albertlaan 112, 8870 Izegem) when sampling in the field.<\/p>\n<h2>Requirements when depositing fixed tissue for further histological analysis:<\/h2>\n<ul>\n<li>Please notify us prior to bringing in the sample.<\/li>\n<li>A submitted tissue sample must always be accompanied by a completed laboratory research request form.<\/li>\n<li>Respect a tissue:fixative ratio of 1:10 each time.<\/li>\n<li>Do not send excessively large pieces of tissue. The tissue piece must be small enough for the fixative to penetrate sufficiently.<\/li>\n<li>Try to avoid leakage at all times while packing your sample. Ideally, the container of formaldehyde should be transported in a secondary container.<\/li>\n<li>Properly label the submitted tissue each time with date of sample collection, tissue type and animal or group identification.<\/li>\n<\/ul>\n<p><strong>Would you like to request pre-filled containers of formaldehyde?<\/strong><br \/>\nContact us.<\/p>\n<h3>Special colorings:<\/h3>\n<p><u><\/u>By special stains we mean any staining that is not immunohistochemical staining but is different from routine HE staining. For example, this could be a Periodic-Acid Shiff (PAS) stain or a Giesma or Ziehl-Neelsen stain.<br \/>\n<em>Looking for a specific special staining? Please contact us.<\/em><\/p>\n<h3>Immunohistochemical staining:<\/h3>\n<p><u><\/u>Immunohistochemical techniques are used to detect antigens in cells or tissue by using specific antigens. This antigen-antibody binding can then be visualized and in this way specific cells or cellular components can be imaged. Such techniques are used, among others, for tumor characterization, identification of infectious microorganisms or identification of proliferation markers.<br \/>\n<em>Looking for a specific IHC staining? Contact us.<\/em><\/p>\n<h3><strong><u>Other services:<\/u><\/strong><\/h3>\n<p><strong>Morphometric measurements<\/strong><\/p>\n<p>Morphometry allows us to determine various quantitative parameters on histological sections. These parameters are particularly interesting in study design to indicate significant differences between groups. These include measurements of villus height, crypt depth and thickness of the tunica muscularis on sections of intestinal tissue, but also other things such as measuring the thickness of the aortic wall, which can give an idea about cardiovascular problems.<\/p>\n<p><strong>Whole slide imaging.<\/strong><\/p>\n<p>Whole slide imaging involves scanning the regular histological sections that are normally viewed under a microscope, allowing them to be viewed online as whole slide images. Digital histological images can be made available for a certain period of time so that you can view them from home.<\/p>\n<\/div><div class=\"nav fusion-mobile-tab-nav\"><ul class=\"nav-tabs nav-justified\" role=\"tablist\"><li role=\"presentation\"><a class=\"tab-link\" data-toggle=\"tab\" role=\"tab\" aria-controls=\"tab-1a88f00533b7f85bc07\" aria-selected=\"false\" tabindex=\"-1\" id=\"mobile-fusion-tab-cytology\" href=\"#tab-1a88f00533b7f85bc07\"><h4 class=\"fusion-tab-heading\">Cytology<\/h4><\/a><\/li><\/ul><\/div><div class=\"tab-pane fade fusion-clearfix\" role=\"tabpanel\" tabindex=\"0\" aria-labelledby=\"fusion-tab-cytology\" id=\"tab-1a88f00533b7f85bc07\">\n<p>Through a cytological examination we microscopically study cells in body fluids or on tissue imprints. This is a rapid diagnostic method that can be useful in specific cases such as brachyspira detection in laying hens or detection of viral inclusion bodies in case of smallpox or adenovirus infections. Cytological examination is performed when, during a necropsy, it appears that this is an appropriate examination method to reach a diagnosis.<\/p>\n<\/div><div class=\"nav fusion-mobile-tab-nav\"><ul class=\"nav-tabs nav-justified\" role=\"tablist\"><li role=\"presentation\"><a class=\"tab-link\" data-toggle=\"tab\" role=\"tab\" aria-controls=\"tab-fa4c2ff98d7ca93fa1c\" aria-selected=\"false\" tabindex=\"-1\" id=\"mobile-fusion-tab-haematology\" href=\"#tab-fa4c2ff98d7ca93fa1c\"><h4 class=\"fusion-tab-heading\">Haematology<\/h4><\/a><\/li><\/ul><\/div><div class=\"tab-pane fade fusion-clearfix\" role=\"tabpanel\" tabindex=\"0\" aria-labelledby=\"fusion-tab-haematology\" id=\"tab-fa4c2ff98d7ca93fa1c\">\n<p>To further expand our portfolio, Poulpharm\u2019s pathology department now offers haematological evaluation of poultry blood.\u00a0<span class=\"ui-provider uz b c d e f g h i j k l m n o p q r s t u v w x y z ab ac ae af ag ah ai aj ak\">This is an excellent tool<\/span>\u00a0to evaluate general health condition of birds, as well as monitoring of disease status and treatment progress, and can be used both in diagnostics and trial context.<\/p>\n<p>Converse to mammals, avian species have nucleated red blood cells which complicates haematology in poultry. To differentiate leukocytes, a thin blood smear is created from each blood sample. This is microscopically evaluated by experienced personnel. Together with an automated blood assessment we can thus offer a full haematological profile, including:<\/p>\n<ul>\n<li>Total leukocyte count (cells\/\u00b5l blood)<\/li>\n<li>Leukocyte differential count (%)\n<ul>\n<li>Lymphocytes<\/li>\n<li>Heterophils<\/li>\n<li>Monocytes<\/li>\n<li>Eosinophils<\/li>\n<li>Basophils<\/li>\n<\/ul>\n<\/li>\n<li>Evaluation of morphological abnormalities in leukocytes<\/li>\n<li>Thrombocyte count (cells\/\u00b5l blood)<\/li>\n<li>Total red blood cell count (cells\/\u00b5l blood)<\/li>\n<li>Packed cell volume or haematocrit (%)<\/li>\n<li>Polychromatophilic index (regenerative shift)<\/li>\n<li>Haemoglobin (g\/dL)<\/li>\n<li>\u2026<\/li>\n<\/ul>\n<p>All analyses can be performed according to European guidelines (EFSA 2017;15(10):5021) for Target Animal Safety trials to support your registration dossier or according to your requirements.<\/p>\n<\/div><\/div><\/div><\/div><\/div><\/div><\/div><\/p>\n","protected":false},"excerpt":{"rendered":"","protected":false},"author":3,"featured_media":0,"parent":0,"menu_order":0,"comment_status":"closed","ping_status":"closed","template":"100-width.php","meta":{"_acf_changed":false,"footnotes":""},"class_list":["post-4671","page","type-page","status-publish","hentry"],"acf":[],"yoast_head":"<!-- This site is optimized with the Yoast SEO plugin v27.0 - https:\/\/yoast.com\/product\/yoast-seo-wordpress\/ -->\n<title>Pathology - Poulpharm<\/title>\n<meta name=\"robots\" content=\"index, follow, max-snippet:-1, max-image-preview:large, max-video-preview:-1\" \/>\n<link rel=\"canonical\" href=\"https:\/\/poulpharm.vermis.hu\/?page_id=4671\" \/>\n<meta property=\"og:locale\" content=\"hu_HU\" \/>\n<meta property=\"og:type\" content=\"article\" \/>\n<meta property=\"og:title\" content=\"Pathology - Poulpharm\" \/>\n<meta property=\"og:url\" content=\"https:\/\/poulpharm.vermis.hu\/?page_id=4671\" \/>\n<meta property=\"og:site_name\" content=\"Poulpharm\" \/>\n<meta property=\"article:modified_time\" content=\"2026-03-11T11:32:25+00:00\" \/>\n<meta name=\"twitter:card\" content=\"summary_large_image\" \/>\n<meta name=\"twitter:label1\" content=\"Becs\u00fclt olvas\u00e1si id\u0151\" \/>\n\t<meta name=\"twitter:data1\" content=\"2 perc\" \/>\n<script type=\"application\/ld+json\" class=\"yoast-schema-graph\">{\"@context\":\"https:\/\/schema.org\",\"@graph\":[{\"@type\":\"WebPage\",\"@id\":\"https:\/\/poulpharm.vermis.hu\/?page_id=4671\",\"url\":\"https:\/\/poulpharm.vermis.hu\/?page_id=4671\",\"name\":\"Pathology - Poulpharm\",\"isPartOf\":{\"@id\":\"https:\/\/poulpharm.vermis.hu\/#website\"},\"datePublished\":\"2026-03-11T11:26:50+00:00\",\"dateModified\":\"2026-03-11T11:32:25+00:00\",\"breadcrumb\":{\"@id\":\"https:\/\/poulpharm.vermis.hu\/?page_id=4671#breadcrumb\"},\"inLanguage\":\"hu\",\"potentialAction\":[{\"@type\":\"ReadAction\",\"target\":[\"https:\/\/poulpharm.vermis.hu\/?page_id=4671\"]}]},{\"@type\":\"BreadcrumbList\",\"@id\":\"https:\/\/poulpharm.vermis.hu\/?page_id=4671#breadcrumb\",\"itemListElement\":[{\"@type\":\"ListItem\",\"position\":1,\"name\":\"Home\",\"item\":\"https:\/\/poulpharm.vermis.hu\/\"},{\"@type\":\"ListItem\",\"position\":2,\"name\":\"Pathology\"}]},{\"@type\":\"WebSite\",\"@id\":\"https:\/\/poulpharm.vermis.hu\/#website\",\"url\":\"https:\/\/poulpharm.vermis.hu\/\",\"name\":\"Poulpharm\",\"description\":\"Passionate partner for animal science\",\"potentialAction\":[{\"@type\":\"SearchAction\",\"target\":{\"@type\":\"EntryPoint\",\"urlTemplate\":\"https:\/\/poulpharm.vermis.hu\/?s={search_term_string}\"},\"query-input\":{\"@type\":\"PropertyValueSpecification\",\"valueRequired\":true,\"valueName\":\"search_term_string\"}}],\"inLanguage\":\"hu\"}]}<\/script>\n<!-- \/ Yoast SEO plugin. -->","yoast_head_json":{"title":"Pathology - Poulpharm","robots":{"index":"index","follow":"follow","max-snippet":"max-snippet:-1","max-image-preview":"max-image-preview:large","max-video-preview":"max-video-preview:-1"},"canonical":"https:\/\/poulpharm.vermis.hu\/?page_id=4671","og_locale":"hu_HU","og_type":"article","og_title":"Pathology - Poulpharm","og_url":"https:\/\/poulpharm.vermis.hu\/?page_id=4671","og_site_name":"Poulpharm","article_modified_time":"2026-03-11T11:32:25+00:00","twitter_card":"summary_large_image","twitter_misc":{"Becs\u00fclt olvas\u00e1si id\u0151":"2 perc"},"schema":{"@context":"https:\/\/schema.org","@graph":[{"@type":"WebPage","@id":"https:\/\/poulpharm.vermis.hu\/?page_id=4671","url":"https:\/\/poulpharm.vermis.hu\/?page_id=4671","name":"Pathology - Poulpharm","isPartOf":{"@id":"https:\/\/poulpharm.vermis.hu\/#website"},"datePublished":"2026-03-11T11:26:50+00:00","dateModified":"2026-03-11T11:32:25+00:00","breadcrumb":{"@id":"https:\/\/poulpharm.vermis.hu\/?page_id=4671#breadcrumb"},"inLanguage":"hu","potentialAction":[{"@type":"ReadAction","target":["https:\/\/poulpharm.vermis.hu\/?page_id=4671"]}]},{"@type":"BreadcrumbList","@id":"https:\/\/poulpharm.vermis.hu\/?page_id=4671#breadcrumb","itemListElement":[{"@type":"ListItem","position":1,"name":"Home","item":"https:\/\/poulpharm.vermis.hu\/"},{"@type":"ListItem","position":2,"name":"Pathology"}]},{"@type":"WebSite","@id":"https:\/\/poulpharm.vermis.hu\/#website","url":"https:\/\/poulpharm.vermis.hu\/","name":"Poulpharm","description":"Passionate partner for animal science","potentialAction":[{"@type":"SearchAction","target":{"@type":"EntryPoint","urlTemplate":"https:\/\/poulpharm.vermis.hu\/?s={search_term_string}"},"query-input":{"@type":"PropertyValueSpecification","valueRequired":true,"valueName":"search_term_string"}}],"inLanguage":"hu"}]}},"_links":{"self":[{"href":"https:\/\/poulpharm.vermis.hu\/index.php?rest_route=\/wp\/v2\/pages\/4671","targetHints":{"allow":["GET"]}}],"collection":[{"href":"https:\/\/poulpharm.vermis.hu\/index.php?rest_route=\/wp\/v2\/pages"}],"about":[{"href":"https:\/\/poulpharm.vermis.hu\/index.php?rest_route=\/wp\/v2\/types\/page"}],"author":[{"embeddable":true,"href":"https:\/\/poulpharm.vermis.hu\/index.php?rest_route=\/wp\/v2\/users\/3"}],"replies":[{"embeddable":true,"href":"https:\/\/poulpharm.vermis.hu\/index.php?rest_route=%2Fwp%2Fv2%2Fcomments&post=4671"}],"version-history":[{"count":5,"href":"https:\/\/poulpharm.vermis.hu\/index.php?rest_route=\/wp\/v2\/pages\/4671\/revisions"}],"predecessor-version":[{"id":4679,"href":"https:\/\/poulpharm.vermis.hu\/index.php?rest_route=\/wp\/v2\/pages\/4671\/revisions\/4679"}],"wp:attachment":[{"href":"https:\/\/poulpharm.vermis.hu\/index.php?rest_route=%2Fwp%2Fv2%2Fmedia&parent=4671"}],"curies":[{"name":"wp","href":"https:\/\/api.w.org\/{rel}","templated":true}]}}