{"id":4697,"date":"2026-03-11T15:21:54","date_gmt":"2026-03-11T14:21:54","guid":{"rendered":"https:\/\/poulpharm.vermis.hu\/?page_id=4697"},"modified":"2026-04-27T12:10:38","modified_gmt":"2026-04-27T11:10:38","slug":"resource-center","status":"publish","type":"page","link":"https:\/\/poulpharm.vermis.hu\/?page_id=4697","title":{"rendered":"Resource Center"},"content":{"rendered":"<p><div class=\"fusion-fullwidth fullwidth-box fusion-builder-row-1 fusion-flex-container has-pattern-background has-mask-background nonhundred-percent-fullwidth non-hundred-percent-height-scrolling\" style=\"--awb-border-radius-top-left:0px;--awb-border-radius-top-right:0px;--awb-border-radius-bottom-right:0px;--awb-border-radius-bottom-left:0px;--awb-padding-top:80px;--awb-padding-bottom:80px;--awb-flex-wrap:wrap;\" ><div class=\"fusion-builder-row fusion-row fusion-flex-align-items-flex-start fusion-flex-justify-content-center fusion-flex-content-wrap\" style=\"max-width:1256.6px;margin-left: calc(-3% \/ 2 );margin-right: calc(-3% \/ 2 );\"><\/div><\/div><div class=\"fusion-fullwidth fullwidth-box fusion-builder-row-2 fusion-flex-container has-pattern-background has-mask-background hundred-percent-fullwidth non-hundred-percent-height-scrolling\" style=\"--awb-border-radius-top-left:0px;--awb-border-radius-top-right:0px;--awb-border-radius-bottom-right:0px;--awb-border-radius-bottom-left:0px;--awb-padding-right:72px;--awb-padding-left:72px;--awb-padding-right-medium:30px;--awb-padding-left-medium:30px;--awb-flex-wrap:wrap;\" ><div class=\"fusion-builder-row fusion-row fusion-flex-align-items-flex-start fusion-flex-content-wrap\" style=\"width:103% !important;max-width:103% !important;margin-left: calc(-3% \/ 2 );margin-right: calc(-3% \/ 2 );\"><div class=\"fusion-layout-column fusion_builder_column fusion-builder-column-0 fusion_builder_column_1_1 1_1 fusion-flex-column\" style=\"--awb-padding-top:120px;--awb-padding-right:140px;--awb-padding-bottom:120px;--awb-padding-left:140px;--awb-padding-right-medium:80px;--awb-padding-left-medium:80px;--awb-padding-right-small:40px;--awb-padding-left-small:40px;--awb-overflow:hidden;--awb-bg-image:linear-gradient(90deg, hsla(var(--awb-color5-h),var(--awb-color5-s),calc(var(--awb-color5-l) - 30%),var(--awb-color5-a)) 20%,hsla(var(--awb-color8-h),var(--awb-color8-s),var(--awb-color8-l),calc(var(--awb-color8-a) - 95%)) 70%);;--awb-bg-position:right center;--awb-bg-position-small:center center;--awb-bg-size:cover;--awb-border-radius:20px 20px 20px 20px;--awb-width-large:100%;--awb-spacing-right-large:1.455%;--awb-margin-bottom-large:0px;--awb-spacing-left-large:1.455%;--awb-width-medium:100%;--awb-order-medium:0;--awb-spacing-right-medium:1.455%;--awb-spacing-left-medium:1.455%;--awb-width-small:100%;--awb-order-small:0;--awb-spacing-right-small:1.455%;--awb-spacing-left-small:1.455%;\"><div class=\"fusion-column-wrapper lazyload fusion-column-has-shadow fusion-flex-justify-content-flex-start fusion-content-layout-column fusion-column-has-bg-image\" data-bg-url=\"https:\/\/poulpharm.vermis.hu\/wp-content\/uploads\/2026\/03\/Para_18.jpg\" data-bg=\"https:\/\/poulpharm.vermis.hu\/wp-content\/uploads\/2026\/03\/Para_18.jpg\" data-bg-gradient=\"linear-gradient(90deg, hsla(var(--awb-color5-h),var(--awb-color5-s),calc(var(--awb-color5-l) - 30%),var(--awb-color5-a)) 20%,hsla(var(--awb-color8-h),var(--awb-color8-s),var(--awb-color8-l),calc(var(--awb-color8-a) - 95%)) 70%)\"><div class=\"fusion-title title fusion-title-1 fusion-sep-none fusion-title-text fusion-title-size-two\" style=\"--awb-text-color:var(--awb-color1);--awb-margin-bottom:24px;--awb-margin-bottom-small:20px;--awb-font-size:56px;\"><h2 class=\"fusion-title-heading title-heading-left sm-text-align-center fusion-responsive-typography-calculated\" style=\"margin:0;font-size:1em;--fontSize:56;line-height:var(--awb-typography1-line-height);\">Scientific Papers<\/h2><\/div><div class=\"fusion-text fusion-text-1 sm-text-align-center fusion-text-no-margin\" style=\"--awb-font-size:24px;--awb-line-height:var(--awb-typography2-line-height);--awb-letter-spacing:var(--awb-typography2-letter-spacing);--awb-text-transform:var(--awb-typography2-text-transform);--awb-margin-bottom:30px;--awb-text-font-family:var(--awb-typography2-font-family);--awb-text-font-weight:var(--awb-typography2-font-weight);--awb-text-font-style:var(--awb-typography2-font-style);\"><p>\u200b<\/p>\n<\/div><\/div><\/div><\/div><\/div><div class=\"fusion-fullwidth fullwidth-box fusion-builder-row-3 fusion-flex-container has-pattern-background has-mask-background nonhundred-percent-fullwidth non-hundred-percent-height-scrolling\" style=\"--awb-border-radius-top-left:0px;--awb-border-radius-top-right:0px;--awb-border-radius-bottom-right:0px;--awb-border-radius-bottom-left:0px;--awb-padding-top:96px;--awb-padding-bottom:96px;--awb-flex-wrap:wrap;\" ><div class=\"fusion-builder-row fusion-row fusion-flex-align-items-flex-start fusion-flex-justify-content-space-between fusion-flex-content-wrap\" style=\"max-width:1256.6px;margin-left: calc(-3% \/ 2 );margin-right: calc(-3% \/ 2 );\"><div class=\"fusion-layout-column fusion_builder_column fusion-builder-column-1 fusion_builder_column_1_1 1_1 fusion-flex-column fusion-flex-align-self-center\" style=\"--awb-padding-right:56px;--awb-padding-left:56px;--awb-padding-top-medium:64px;--awb-padding-right-medium:40px;--awb-padding-bottom-medium:64px;--awb-padding-left-medium:40px;--awb-padding-right-small:20px;--awb-padding-left-small:20px;--awb-bg-size:cover;--awb-width-large:100%;--awb-spacing-right-large:1.455%;--awb-margin-bottom-large:0px;--awb-spacing-left-large:1.455%;--awb-width-medium:50%;--awb-order-medium:0;--awb-spacing-right-medium:2.91%;--awb-spacing-left-medium:2.91%;--awb-width-small:100%;--awb-order-small:0;--awb-spacing-right-small:1.455%;--awb-spacing-left-small:1.455%;\"><div class=\"fusion-column-wrapper fusion-column-has-shadow fusion-flex-justify-content-flex-start fusion-content-layout-column\"><div class=\"fusion-text fusion-text-2 fusion-text-no-margin\" style=\"--awb-font-size:var(--awb-typography2-font-size);--awb-line-height:var(--awb-typography2-line-height);--awb-letter-spacing:var(--awb-typography2-letter-spacing);--awb-text-transform:var(--awb-typography2-text-transform);--awb-margin-top:20px;--awb-margin-bottom:20px;--awb-text-font-family:var(--awb-typography2-font-family);--awb-text-font-weight:var(--awb-typography2-font-weight);--awb-text-font-style:var(--awb-typography2-font-style);\"><p>\u200b<\/p>\n<\/div><div class=\"fusion-title title fusion-title-2 fusion-sep-none fusion-title-text fusion-title-size-one\" style=\"--awb-text-color:var(--awb-custom_color_5);--awb-margin-bottom-small:30px;\"><h1 class=\"fusion-title-heading title-heading-left fusion-responsive-typography-calculated\" style=\"margin:0;--fontSize:56;line-height:var(--awb-typography1-line-height);\">Scientific papers<\/h1><\/div><div class=\"fusion-tabs fusion-tabs-1 classic nav-is-justified horizontal-tabs icon-position-left mobile-mode-accordion\" style=\"--awb-margin-bottom:0px;--awb-title-border-radius-top-left:12px;--awb-title-border-radius-top-right:12px;--awb-title-border-radius-bottom-right:12px;--awb-title-border-radius-bottom-left:12px;--awb-content-padding-top:32px;--awb-content-padding-right:20px;--awb-content-padding-bottom:0px;--awb-content-padding-left:20px;--awb-title-padding-top:20px;--awb-title-padding-bottom:20px;--awb-title-font-size:17px;--awb-title-text-transform:var(--awb-typography2-text-transform);--awb-title-line-height:var(--awb-typography2-line-height);--awb-title-letter-spacing:var(--awb-typography2-letter-spacing);--awb-alignment:start;--awb-inactive-color:var(--awb-color2);--awb-background-color:var(--awb-color1);--awb-border-color:var(--awb-color1);--awb-active-border-color:#7eb927;--awb-title-font-family:var(--awb-typography2-font-family);--awb-title-font-weight:var(--awb-typography2-font-weight);--awb-title-font-style:var(--awb-typography2-font-style);\"><div class=\"nav\"><ul class=\"nav-tabs nav-justified\" role=\"tablist\"><li class=\"active\" role=\"presentation\"><a class=\"tab-link\" data-toggle=\"tab\" role=\"tab\" aria-controls=\"tab-1cb7721493a7e024149\" aria-selected=\"true\" id=\"fusion-tab-broiler\" href=\"#tab-1cb7721493a7e024149\"><h4 class=\"fusion-tab-heading\"><i class=\"fontawesome-icon awb-recruitment-arrow-btn\" aria-hidden=\"true\" style=\"font-size:24px; --icon-color:var(--awb-custom_color_5);\"><\/i>Broiler<\/h4><\/a><\/li><li role=\"presentation\"><a class=\"tab-link\" data-toggle=\"tab\" role=\"tab\" aria-controls=\"tab-100dd32654707196ad4\" aria-selected=\"false\" tabindex=\"-1\" id=\"fusion-tab-swine\" href=\"#tab-100dd32654707196ad4\"><h4 class=\"fusion-tab-heading\"><i class=\"fontawesome-icon awb-recruitment-arrow-btn\" aria-hidden=\"true\" style=\"font-size:24px; --icon-color:var(--awb-custom_color_5);\"><\/i>Swine<\/h4><\/a><\/li><\/ul><\/div><div class=\"tab-content\"><div class=\"nav fusion-mobile-tab-nav\"><ul class=\"nav-tabs nav-justified\" role=\"tablist\"><li class=\"active\" role=\"presentation\"><a class=\"tab-link\" data-toggle=\"tab\" role=\"tab\" aria-controls=\"tab-1cb7721493a7e024149\" aria-selected=\"true\" id=\"mobile-fusion-tab-broiler\" href=\"#tab-1cb7721493a7e024149\"><h4 class=\"fusion-tab-heading\"><i class=\"fontawesome-icon awb-recruitment-arrow-btn\" aria-hidden=\"true\" style=\"font-size:24px; --icon-color:var(--awb-custom_color_5);\"><\/i>Broiler<\/h4><\/a><\/li><\/ul><\/div><div class=\"tab-pane fade fusion-clearfix in active\" role=\"tabpanel\" tabindex=\"0\" aria-labelledby=\"fusion-tab-broiler\" id=\"tab-1cb7721493a7e024149\">\n<h6><strong>Download to read more:<\/strong><\/h6>\n<ul>\n<li><a href=\"https:\/\/poulpharm.com\/wp-content\/uploads\/2024\/05\/Applied_Research_Note_Alpha-monolaurin_stimulates_the-antibody-response-elicited-upon-infectious-bronchitis-vaccination-of-broilers.pdf\">Applied research note: Alpha-monolaurin stimulates the antibody response elicited upon infectious bronchitis vaccination of broilers.&nbsp;<\/a><\/li>\n<li><a href=\"https:\/\/poulpharm.com\/wp-content\/uploads\/2024\/05\/APSS-2022-ePoster.pdf\">Poster: Sulfur amino acid requirement of starter, grower and finisher broilers determined using L methionine.&nbsp;<\/a><\/li>\n<li><a href=\"https:\/\/poulpharm.com\/wp-content\/uploads\/2024\/05\/FA2023_UsingaNeuralNetworkBasedVocalizationDetectorforBroilerWelfareMonitoring-002.pdf\">Using neural network based vocalization detector for broiler welfare monitoring.<\/a><\/li>\n<li><a href=\"https:\/\/poulpharm.com\/wp-content\/uploads\/2024\/05\/Hostintestinalbiomarkeridentificationinagutleakagemodelinbroilers-1.pdf\">Host intestinal biomarker identification in a gut leakage model in broilers.<\/a><\/li>\n<li><a href=\"https:\/\/poulpharm.com\/wp-content\/uploads\/2024\/05\/Kolpe_Poster_HKettunen_A0_Low003.pdf\">In-feed resin acids improve small-intestinal mucosal characteristics of broiler chickens during dysbiosis challenge.<\/a><\/li>\n<li><a href=\"https:\/\/poulpharm.com\/wp-content\/uploads\/2024\/05\/ovotransferrin.pdf\">Elevated faecal ovotransferrin concentrations are indicative for intestinal barrier failure in broiler chickens.<\/a><\/li>\n<li><a href=\"https:\/\/poulpharm.com\/wp-content\/uploads\/2024\/05\/ovotransferrin.pdf\">Sound analysis during the lifespan of broiler chickens.<\/a><\/li>\n<li><a href=\"https:\/\/poulpharm.com\/wp-content\/uploads\/2024\/05\/ovotransferrin.pdf\">ECPLF 2024: 11th European Conference on Precision Livestock Farming.<\/a><\/li>\n<li><a href=\"https:\/\/poulpharm.com\/wp-content\/uploads\/2024\/05\/ovotransferrin.pdf\">Use of implantable heart rate, temperature and activity loggers in broiler chickens.&nbsp;<\/a><\/li>\n<li><a href=\"https:\/\/poulpharm.com\/wp-content\/uploads\/2024\/05\/ovotransferrin.pdf\">Use of Bio-loggers to explore the effect of hatchery processing line on heart rate and body temperature of day-old broiler chicks.<\/a><\/li>\n<li><a href=\"https:\/\/poulpharm.com\/wp-content\/uploads\/2024\/06\/ISAE-East-West-Central-joint-Regional-meeting-2024.pdf\">Enhancing broiler chicken welfare: Multifunctional platforms for&nbsp;<\/a><a href=\"https:\/\/poulpharm.com\/wp-content\/uploads\/2024\/06\/ISAE-East-West-Central-joint-Regional-meeting-2024.pdf\">improved bone health.<\/a><\/li>\n<li><a href=\"https:\/\/poulpharm.com\/wp-content\/uploads\/2024\/06\/Optimal_methionine_plus_cystine_requirements_in_di.pdf\">Optimal methionine plus cystine requirements in diets&nbsp;<\/a><a href=\"https:\/\/poulpharm.com\/wp-content\/uploads\/2024\/06\/Optimal_methionine_plus_cystine_requirements_in_di.pdf\">supplemented with L-methionine in starter, grower, and finisher broilers.<\/a><\/li>\n<li><a href=\"https:\/\/poulpharm.com\/wp-content\/uploads\/2024\/06\/The-9th-International-Conference-on-the-Welfare-of-Animals-at-Farm-Level-Bassem.pdf\">The 9th International Conference on the Welfare of Animals at Farm Level (WAFL), August 2024, Florence, Italy.<\/a><\/li>\n<li><a href=\"https:\/\/poulpharm.com\/wp-content\/uploads\/2024\/06\/The-46th-Animal-Nutrition-Research-Forum-ILVO-Bassem.pdf\">The 46th Animal Nutrition Research Forum ILVO, 12 April 2024, Merelbeke, Belgium.<\/a><\/li>\n<li><a href=\"https:\/\/poulpharm.com\/wp-content\/uploads\/2024\/06\/UFAW-International-Animal-Welfare-Conference-2024-Camila.pdf\">Oral administration of corticosterone reduces body weight and feather growth.<\/a><\/li>\n<li><a href=\"https:\/\/poulpharm.com\/wp-content\/uploads\/2024\/06\/UFAW-International-Animal-Welfare-Conference-2024-3.pdf\">Corticosterone levels in blood and feathers of broiler chickens using LCMS method as an indicator of animal welfare.<\/a><\/li>\n<li><a href=\"https:\/\/poulpharm.com\/wp-content\/uploads\/2024\/06\/XI-European-Symposium-on-Poultry-Welfare-Bassem.pdf\">XI European Symposium on Poultry Welfare, 26-29 June 2023, Prague.<\/a><\/li>\n<li><a href=\"https:\/\/poulpharm.com\/wp-content\/uploads\/2024\/06\/XI-European-Symposium-on-Poultry-Welfare-Patricia.pdf\">XI European Symposium on Poultry Welfare.<\/a><\/li>\n<li><a href=\"https:\/\/poulpharm.com\/wp-content\/uploads\/2024\/06\/XI-European-Symposium-on-Poultry-Welfare.pdf\">Heat stress increases fluctuation asymmetry in broiler chickens.<\/a><\/li>\n<\/ul>\n<\/div><div class=\"nav fusion-mobile-tab-nav\"><ul class=\"nav-tabs nav-justified\" role=\"tablist\"><li role=\"presentation\"><a class=\"tab-link\" data-toggle=\"tab\" role=\"tab\" aria-controls=\"tab-100dd32654707196ad4\" aria-selected=\"false\" tabindex=\"-1\" id=\"mobile-fusion-tab-swine\" href=\"#tab-100dd32654707196ad4\"><h4 class=\"fusion-tab-heading\"><i class=\"fontawesome-icon awb-recruitment-arrow-btn\" aria-hidden=\"true\" style=\"font-size:24px; --icon-color:var(--awb-custom_color_5);\"><\/i>Swine<\/h4><\/a><\/li><\/ul><\/div><div class=\"tab-pane fade fusion-clearfix\" role=\"tabpanel\" tabindex=\"0\" aria-labelledby=\"fusion-tab-swine\" id=\"tab-100dd32654707196ad4\">\n<p><strong>Download to read more:<\/strong><\/p>\n<ul>\n<li><a href=\"https:\/\/poulpharm.com\/wp-content\/uploads\/2024\/06\/Abstract-1-BioNest_farrowingduration.pdf\">Nest material decreases farrowing duration in crated sows<\/a><\/li>\n<li><a href=\"https:\/\/poulpharm.com\/wp-content\/uploads\/2024\/06\/Abstract-3-Physicochemical-properties-of-fibers.pdf\">Physicochemical properties of soluble and insoluble dietary fiber sources.<\/a><\/li>\n<li><a href=\"https:\/\/poulpharm.com\/wp-content\/uploads\/2024\/06\/Abstract-5-fibers-and-body-condition.pdf\">Dietary fiber inclusion in transition diet modulates sows\u2019 body condition at farrowing and weaning.\u00a0<\/a><\/li>\n<li><a href=\"https:\/\/poulpharm.com\/wp-content\/uploads\/2024\/06\/Abstract-9-Piglet-vitality-and-PH.pdf\">Piglets born later in the farrowing have lesser vitality and increased blood PH and lactate.\u00a0<\/a><\/li>\n<\/ul>\n<\/div><\/div><\/div><\/div><\/div><\/div><\/div><\/p>\n","protected":false},"excerpt":{"rendered":"","protected":false},"author":3,"featured_media":0,"parent":0,"menu_order":0,"comment_status":"closed","ping_status":"closed","template":"100-width.php","meta":{"_acf_changed":false,"footnotes":""},"class_list":["post-4697","page","type-page","status-publish","hentry"],"acf":[],"yoast_head":"<!-- This site is optimized with the Yoast SEO plugin v27.0 - https:\/\/yoast.com\/product\/yoast-seo-wordpress\/ -->\n<title>Resource Center - Poulpharm<\/title>\n<meta name=\"robots\" content=\"index, follow, max-snippet:-1, max-image-preview:large, max-video-preview:-1\" \/>\n<link rel=\"canonical\" href=\"https:\/\/poulpharm.vermis.hu\/?page_id=4697\" \/>\n<meta property=\"og:locale\" content=\"hu_HU\" \/>\n<meta property=\"og:type\" content=\"article\" \/>\n<meta property=\"og:title\" content=\"Resource Center - Poulpharm\" \/>\n<meta property=\"og:url\" content=\"https:\/\/poulpharm.vermis.hu\/?page_id=4697\" \/>\n<meta property=\"og:site_name\" content=\"Poulpharm\" \/>\n<meta property=\"article:modified_time\" content=\"2026-04-27T11:10:38+00:00\" \/>\n<meta name=\"twitter:card\" content=\"summary_large_image\" \/>\n<meta name=\"twitter:label1\" content=\"Becs\u00fclt olvas\u00e1si id\u0151\" \/>\n\t<meta name=\"twitter:data1\" content=\"2 perc\" \/>\n<script type=\"application\/ld+json\" class=\"yoast-schema-graph\">{\"@context\":\"https:\/\/schema.org\",\"@graph\":[{\"@type\":\"WebPage\",\"@id\":\"https:\/\/poulpharm.vermis.hu\/?page_id=4697\",\"url\":\"https:\/\/poulpharm.vermis.hu\/?page_id=4697\",\"name\":\"Resource Center - Poulpharm\",\"isPartOf\":{\"@id\":\"https:\/\/poulpharm.vermis.hu\/#website\"},\"datePublished\":\"2026-03-11T14:21:54+00:00\",\"dateModified\":\"2026-04-27T11:10:38+00:00\",\"breadcrumb\":{\"@id\":\"https:\/\/poulpharm.vermis.hu\/?page_id=4697#breadcrumb\"},\"inLanguage\":\"hu\",\"potentialAction\":[{\"@type\":\"ReadAction\",\"target\":[\"https:\/\/poulpharm.vermis.hu\/?page_id=4697\"]}]},{\"@type\":\"BreadcrumbList\",\"@id\":\"https:\/\/poulpharm.vermis.hu\/?page_id=4697#breadcrumb\",\"itemListElement\":[{\"@type\":\"ListItem\",\"position\":1,\"name\":\"Home\",\"item\":\"https:\/\/poulpharm.vermis.hu\/\"},{\"@type\":\"ListItem\",\"position\":2,\"name\":\"Resource Center\"}]},{\"@type\":\"WebSite\",\"@id\":\"https:\/\/poulpharm.vermis.hu\/#website\",\"url\":\"https:\/\/poulpharm.vermis.hu\/\",\"name\":\"Poulpharm\",\"description\":\"Passionate partner for animal science\",\"potentialAction\":[{\"@type\":\"SearchAction\",\"target\":{\"@type\":\"EntryPoint\",\"urlTemplate\":\"https:\/\/poulpharm.vermis.hu\/?s={search_term_string}\"},\"query-input\":{\"@type\":\"PropertyValueSpecification\",\"valueRequired\":true,\"valueName\":\"search_term_string\"}}],\"inLanguage\":\"hu\"}]}<\/script>\n<!-- \/ Yoast SEO plugin. -->","yoast_head_json":{"title":"Resource Center - Poulpharm","robots":{"index":"index","follow":"follow","max-snippet":"max-snippet:-1","max-image-preview":"max-image-preview:large","max-video-preview":"max-video-preview:-1"},"canonical":"https:\/\/poulpharm.vermis.hu\/?page_id=4697","og_locale":"hu_HU","og_type":"article","og_title":"Resource Center - Poulpharm","og_url":"https:\/\/poulpharm.vermis.hu\/?page_id=4697","og_site_name":"Poulpharm","article_modified_time":"2026-04-27T11:10:38+00:00","twitter_card":"summary_large_image","twitter_misc":{"Becs\u00fclt olvas\u00e1si id\u0151":"2 perc"},"schema":{"@context":"https:\/\/schema.org","@graph":[{"@type":"WebPage","@id":"https:\/\/poulpharm.vermis.hu\/?page_id=4697","url":"https:\/\/poulpharm.vermis.hu\/?page_id=4697","name":"Resource Center - Poulpharm","isPartOf":{"@id":"https:\/\/poulpharm.vermis.hu\/#website"},"datePublished":"2026-03-11T14:21:54+00:00","dateModified":"2026-04-27T11:10:38+00:00","breadcrumb":{"@id":"https:\/\/poulpharm.vermis.hu\/?page_id=4697#breadcrumb"},"inLanguage":"hu","potentialAction":[{"@type":"ReadAction","target":["https:\/\/poulpharm.vermis.hu\/?page_id=4697"]}]},{"@type":"BreadcrumbList","@id":"https:\/\/poulpharm.vermis.hu\/?page_id=4697#breadcrumb","itemListElement":[{"@type":"ListItem","position":1,"name":"Home","item":"https:\/\/poulpharm.vermis.hu\/"},{"@type":"ListItem","position":2,"name":"Resource Center"}]},{"@type":"WebSite","@id":"https:\/\/poulpharm.vermis.hu\/#website","url":"https:\/\/poulpharm.vermis.hu\/","name":"Poulpharm","description":"Passionate partner for animal science","potentialAction":[{"@type":"SearchAction","target":{"@type":"EntryPoint","urlTemplate":"https:\/\/poulpharm.vermis.hu\/?s={search_term_string}"},"query-input":{"@type":"PropertyValueSpecification","valueRequired":true,"valueName":"search_term_string"}}],"inLanguage":"hu"}]}},"_links":{"self":[{"href":"https:\/\/poulpharm.vermis.hu\/index.php?rest_route=\/wp\/v2\/pages\/4697","targetHints":{"allow":["GET"]}}],"collection":[{"href":"https:\/\/poulpharm.vermis.hu\/index.php?rest_route=\/wp\/v2\/pages"}],"about":[{"href":"https:\/\/poulpharm.vermis.hu\/index.php?rest_route=\/wp\/v2\/types\/page"}],"author":[{"embeddable":true,"href":"https:\/\/poulpharm.vermis.hu\/index.php?rest_route=\/wp\/v2\/users\/3"}],"replies":[{"embeddable":true,"href":"https:\/\/poulpharm.vermis.hu\/index.php?rest_route=%2Fwp%2Fv2%2Fcomments&post=4697"}],"version-history":[{"count":8,"href":"https:\/\/poulpharm.vermis.hu\/index.php?rest_route=\/wp\/v2\/pages\/4697\/revisions"}],"predecessor-version":[{"id":5363,"href":"https:\/\/poulpharm.vermis.hu\/index.php?rest_route=\/wp\/v2\/pages\/4697\/revisions\/5363"}],"wp:attachment":[{"href":"https:\/\/poulpharm.vermis.hu\/index.php?rest_route=%2Fwp%2Fv2%2Fmedia&parent=4697"}],"curies":[{"name":"wp","href":"https:\/\/api.w.org\/{rel}","templated":true}]}}